{"id":77898,"date":"2025-07-11T13:38:54","date_gmt":"2025-07-11T11:38:54","guid":{"rendered":"https:\/\/by-gloria.com\/shop\/produkt\/outdoor-led-blockkerze-2\/"},"modified":"2026-02-06T13:52:49","modified_gmt":"2026-02-06T12:52:49","slug":"outdoor-led-blockkerze-2","status":"publish","type":"product","link":"https:\/\/by-gloria.com\/shop\/produkt\/outdoor-led-blockkerze-2\/","title":{"rendered":"Otdoor-LED Blockkerze"},"content":{"rendered":"<p>Wetterresistent<br \/>\n F\u00fcr den Au\u00dfengebrauch<br \/>\nDas LED Au\u00dfenlicht Blockkerzen in salbei ist speziell entwickelt, um allen Verkaufswetter zu widerstehen. Mit der IP44 -Zertifizierung ist es vollst\u00e4ndig vor Regen, Schnee und Frost gesch\u00fctzt, was es das ganze Jahr \u00fcber f\u00fcr die Terrasse oder den Garten perfekt macht. Das Licht besteht aus robustem wetterfestem Kunststoff mit einem Durchmesser von 10 cm und einer H\u00f6he von 10 cm.<br \/>\nLebensechte Flamme und Finish<br \/>\nObwohl dies LED Au\u00dfenlicht Blockkerzen Es ist f\u00fcr den Gebrauch im Freien gebaut, es ist kein Kompromiss f\u00fcr den Look. Das spezielle Harzabdeckung an der Spitze und unsere 3D Real Flame -Technologie schafft ein erstaunliches, lebensechtes Beleuchtungserlebnis, das bei allen Wetterbedingungen genossen werden kann.<br \/>\nSmart Control mit Stunden und Fernbedienung<br \/>\nLeichter kontrollieren Sie Ihre LED Au\u00dfenlicht Blockkerzen Mit der Deluxehomeart -Fernbedienung (nicht enthalten). Stellen Sie den Timer auf 2, 4, 6 oder 8 Stunden ein und genie\u00dfen Sie die atmosph\u00e4rische Beleuchtung genau, wenn Sie m\u00f6chten. Perfekt f\u00fcr allt\u00e4gliche und festliche Anl\u00e4sse im Freien.<br \/>\nBeeindruckende Akkulaufzeit<br \/>\nMit 2 PCs. C Batterien (nicht enthalten) Sie erhalten volle 1500 Stunden gem\u00fctliches Licht. Das macht das LED Au\u00dfenlicht Blockkerzen zu einer praktischen und finanziellen L\u00f6sung f\u00fcr Ihre Au\u00dfenbeleuchtung.<br \/>\nSicherer Spa\u00df im Freien<br \/>\nErstellen Sie eine sichere und gem\u00fctliche Atmosph\u00e4re in Ihrer Au\u00dfenumgebung ohne das Risiko eines offenen Feuers. Das LED Au\u00dfenlicht Blockkerzen Gibt Ihnen den ganzen Spa\u00df von echten Kerzen, einfach sicherer und praktischer. Perfekt f\u00fcr die Terrasse, den Balkon oder den Garten &#8211; unabh\u00e4ngig von der Saison.<\/p>\n","protected":false},"excerpt":{"rendered":"<p>Lieferzeit: Paketdienst- ca. 3-5 Werktage<\/p>\n","protected":false},"featured_media":77911,"template":"","meta":{"site-sidebar-layout":"default","site-content-layout":"","ast-site-content-layout":"default","site-content-style":"default","site-sidebar-style":"default","ast-global-header-display":"","ast-banner-title-visibility":"","ast-main-header-display":"","ast-hfb-above-header-display":"","ast-hfb-below-header-display":"","ast-hfb-mobile-header-display":"","site-post-title":"","ast-breadcrumbs-content":"","ast-featured-img":"","footer-sml-layout":"","ast-disable-related-posts":"","theme-transparent-header-meta":"","adv-header-id-meta":"","stick-header-meta":"","header-above-stick-meta":"","header-main-stick-meta":"","header-below-stick-meta":"","astra-migrate-meta-layouts":"default","ast-page-background-enabled":"default","ast-page-background-meta":{"desktop":{"background-color":"var(--ast-global-color-5)","background-image":"","background-repeat":"repeat","background-position":"center center","background-size":"auto","background-attachment":"scroll","background-type":"","background-media":"","overlay-type":"","overlay-color":"","overlay-opacity":"","overlay-gradient":""},"tablet":{"background-color":"","background-image":"","background-repeat":"repeat","background-position":"center center","background-size":"auto","background-attachment":"scroll","background-type":"","background-media":"","overlay-type":"","overlay-color":"","overlay-opacity":"","overlay-gradient":""},"mobile":{"background-color":"","background-image":"","background-repeat":"repeat","background-position":"center center","background-size":"auto","background-attachment":"scroll","background-type":"","background-media":"","overlay-type":"","overlay-color":"","overlay-opacity":"","overlay-gradient":""}},"ast-content-background-meta":{"desktop":{"background-color":"var(--ast-global-color-4)","background-image":"","background-repeat":"repeat","background-position":"center center","background-size":"auto","background-attachment":"scroll","background-type":"","background-media":"","overlay-type":"","overlay-color":"","overlay-opacity":"","overlay-gradient":""},"tablet":{"background-color":"var(--ast-global-color-4)","background-image":"","background-repeat":"repeat","background-position":"center center","background-size":"auto","background-attachment":"scroll","background-type":"","background-media":"","overlay-type":"","overlay-color":"","overlay-opacity":"","overlay-gradient":""},"mobile":{"background-color":"var(--ast-global-color-4)","background-image":"","background-repeat":"repeat","background-position":"center center","background-size":"auto","background-attachment":"scroll","background-type":"","background-media":"","overlay-type":"","overlay-color":"","overlay-opacity":"","overlay-gradient":""}}},"product_brand":[318],"product_cat":[64,67],"product_tag":[],"class_list":{"0":"post-77898","1":"product","2":"type-product","3":"status-publish","4":"has-post-thumbnail","6":"product_brand-by-gloria-home","7":"product_cat-deko","8":"product_cat-deko-kerzen","9":"product_shipping_class-paketdienst","10":"desktop-align-left","11":"tablet-align-left","12":"mobile-align-left","14":"first","15":"instock","16":"sale","17":"taxable","18":"shipping-taxable","19":"purchasable","20":"product-type-simple"},"_links":{"self":[{"href":"https:\/\/by-gloria.com\/shop\/wp-json\/wp\/v2\/product\/77898","targetHints":{"allow":["GET"]}}],"collection":[{"href":"https:\/\/by-gloria.com\/shop\/wp-json\/wp\/v2\/product"}],"about":[{"href":"https:\/\/by-gloria.com\/shop\/wp-json\/wp\/v2\/types\/product"}],"wp:featuredmedia":[{"embeddable":true,"href":"https:\/\/by-gloria.com\/shop\/wp-json\/wp\/v2\/media\/77911"}],"wp:attachment":[{"href":"https:\/\/by-gloria.com\/shop\/wp-json\/wp\/v2\/media?parent=77898"}],"wp:term":[{"taxonomy":"product_brand","embeddable":true,"href":"https:\/\/by-gloria.com\/shop\/wp-json\/wp\/v2\/product_brand?post=77898"},{"taxonomy":"product_cat","embeddable":true,"href":"https:\/\/by-gloria.com\/shop\/wp-json\/wp\/v2\/product_cat?post=77898"},{"taxonomy":"product_tag","embeddable":true,"href":"https:\/\/by-gloria.com\/shop\/wp-json\/wp\/v2\/product_tag?post=77898"}],"curies":[{"name":"wp","href":"https:\/\/api.w.org\/{rel}","templated":true}]}}