{"id":283675,"date":"2026-05-11T13:11:26","date_gmt":"2026-05-11T11:11:26","guid":{"rendered":"https:\/\/by-gloria.com\/shop\/produkt\/nardi-clip-bistro-80-x-80-torotra\/"},"modified":"2026-05-11T13:11:26","modified_gmt":"2026-05-11T11:11:26","slug":"nardi-clip-bistro-80-x-80-torotra","status":"publish","type":"product","link":"https:\/\/by-gloria.com\/shop\/produkt\/nardi-clip-bistro-80-x-80-torotra\/","title":{"rendered":"Nardi Clip Bistro 80 x 80 torotra"},"content":{"rendered":"<p>Material: Recyelbarer Kunststoff<br \/>\nFarbe: Tortora matt-Effekt<br \/>\nH\u00f6henverstellbare F\u00fc\u00dfe<\/p>\n<p>Tisch mit zentraler S\u00e4ule und 4 Speichen. Material: DurelTOP Tischplatte aus UV-best\u00e4ndigem fiberglass-Polypropylen und voll durchgef\u00e4rbt. <\/p>\n<p>In 5 verschiedenen Farben bestellbar! tortora, agave, tabacco, antracite, bianco<br \/>\nBestellungen, die h\u00f6her als die lagernde St\u00fcckzahl sind, k\u00f6nnen jederzeit abgewickelt und nachbestellt werden.<br \/>\nLieferzeit ca. 2-3 Wochen.<\/p>\n<p>\u00d6sterreichweit kostenloser Versand.<\/p>\n<p>Bestellungen ab 16 Stk. minus 19 %<br \/>\nBestellungen ab 50 Stk. minus 30 %<br \/>\nBestellungen ab 100 Stk. minus 33 %<\/p>\n<p>Dazu bitte ein E-Mail an office@by-gloria.com<br \/>\nWeitere Infos direkt beim Hersteller unter www.nardioutdoor.com\/de\/<\/p>\n","protected":false},"excerpt":{"rendered":"<p>Lieferzeit mit Paketdienst: ca. 3-5 Werktage<\/p>\n","protected":false},"featured_media":283670,"template":"","meta":{"site-sidebar-layout":"default","site-content-layout":"","ast-site-content-layout":"default","site-content-style":"default","site-sidebar-style":"default","ast-global-header-display":"","ast-banner-title-visibility":"","ast-main-header-display":"","ast-hfb-above-header-display":"","ast-hfb-below-header-display":"","ast-hfb-mobile-header-display":"","site-post-title":"","ast-breadcrumbs-content":"","ast-featured-img":"","footer-sml-layout":"","ast-disable-related-posts":"","theme-transparent-header-meta":"","adv-header-id-meta":"","stick-header-meta":"","header-above-stick-meta":"","header-main-stick-meta":"","header-below-stick-meta":"","astra-migrate-meta-layouts":"default","ast-page-background-enabled":"default","ast-page-background-meta":{"desktop":{"background-color":"var(--ast-global-color-5)","background-image":"","background-repeat":"repeat","background-position":"center center","background-size":"auto","background-attachment":"scroll","background-type":"","background-media":"","overlay-type":"","overlay-color":"","overlay-opacity":"","overlay-gradient":""},"tablet":{"background-color":"","background-image":"","background-repeat":"repeat","background-position":"center center","background-size":"auto","background-attachment":"scroll","background-type":"","background-media":"","overlay-type":"","overlay-color":"","overlay-opacity":"","overlay-gradient":""},"mobile":{"background-color":"","background-image":"","background-repeat":"repeat","background-position":"center center","background-size":"auto","background-attachment":"scroll","background-type":"","background-media":"","overlay-type":"","overlay-color":"","overlay-opacity":"","overlay-gradient":""}},"ast-content-background-meta":{"desktop":{"background-color":"var(--ast-global-color-4)","background-image":"","background-repeat":"repeat","background-position":"center center","background-size":"auto","background-attachment":"scroll","background-type":"","background-media":"","overlay-type":"","overlay-color":"","overlay-opacity":"","overlay-gradient":""},"tablet":{"background-color":"var(--ast-global-color-4)","background-image":"","background-repeat":"repeat","background-position":"center center","background-size":"auto","background-attachment":"scroll","background-type":"","background-media":"","overlay-type":"","overlay-color":"","overlay-opacity":"","overlay-gradient":""},"mobile":{"background-color":"var(--ast-global-color-4)","background-image":"","background-repeat":"repeat","background-position":"center center","background-size":"auto","background-attachment":"scroll","background-type":"","background-media":"","overlay-type":"","overlay-color":"","overlay-opacity":"","overlay-gradient":""}}},"product_brand":[],"product_cat":[129,137],"product_tag":[],"class_list":{"0":"post-283675","1":"product","2":"type-product","3":"status-publish","4":"has-post-thumbnail","6":"product_cat-outdoor","7":"product_cat-outdoor-esstische-beistelltische","8":"product_shipping_class-paketdienst","9":"desktop-align-left","10":"tablet-align-left","11":"mobile-align-left","13":"first","14":"instock","15":"taxable","16":"shipping-taxable","17":"purchasable","18":"product-type-simple"},"_links":{"self":[{"href":"https:\/\/by-gloria.com\/shop\/wp-json\/wp\/v2\/product\/283675","targetHints":{"allow":["GET"]}}],"collection":[{"href":"https:\/\/by-gloria.com\/shop\/wp-json\/wp\/v2\/product"}],"about":[{"href":"https:\/\/by-gloria.com\/shop\/wp-json\/wp\/v2\/types\/product"}],"wp:featuredmedia":[{"embeddable":true,"href":"https:\/\/by-gloria.com\/shop\/wp-json\/wp\/v2\/media\/283670"}],"wp:attachment":[{"href":"https:\/\/by-gloria.com\/shop\/wp-json\/wp\/v2\/media?parent=283675"}],"wp:term":[{"taxonomy":"product_brand","embeddable":true,"href":"https:\/\/by-gloria.com\/shop\/wp-json\/wp\/v2\/product_brand?post=283675"},{"taxonomy":"product_cat","embeddable":true,"href":"https:\/\/by-gloria.com\/shop\/wp-json\/wp\/v2\/product_cat?post=283675"},{"taxonomy":"product_tag","embeddable":true,"href":"https:\/\/by-gloria.com\/shop\/wp-json\/wp\/v2\/product_tag?post=283675"}],"curies":[{"name":"wp","href":"https:\/\/api.w.org\/{rel}","templated":true}]}}