{"id":280045,"date":"2026-04-27T11:52:08","date_gmt":"2026-04-27T09:52:08","guid":{"rendered":"https:\/\/by-gloria.com\/shop\/produkt\/hundebett-80-x-70-x-20\/"},"modified":"2026-04-27T11:52:08","modified_gmt":"2026-04-27T09:52:08","slug":"hundebett-80-x-70-x-20","status":"publish","type":"product","link":"https:\/\/by-gloria.com\/shop\/produkt\/hundebett-80-x-70-x-20\/","title":{"rendered":"Hundebett 80 x 70 x 20"},"content":{"rendered":"<p>Material: 100 % Polyester<br \/>\nFarbe: Braun, Grau<br \/>\nAbmessungen: L 80 cm x B 70 cm x H 20 cm <\/p>\n<p>Hinweis zur B-Ware:<br \/>\nDieser Artikel kann leichte optische M\u00e4ngel, Gebrauchsspuren, kleine Verpackungssch\u00e4den aufweisen oder ein Internetbestellr\u00fcckl\u00e4ufer sein.<\/p>\n<p>Bitte beachten:<br \/>\nEin R\u00fcckversand bzw. eine R\u00fcckgabe ist bei B-Ware ausgeschlossen, ebenso wie ein Umtausch des Produktes.<\/p>\n<p>Mit dem Kauf bzw. der Bestellung des Produktes erkl\u00e4ren Sie sich mit diesem Hinweis ausdr\u00fccklich einverstanden.<\/p>\n","protected":false},"excerpt":{"rendered":"<p>Lieferzeit mit Paketdienst: ca. 3-5 Werktage<\/p>\n","protected":false},"featured_media":280044,"template":"","meta":{"site-sidebar-layout":"default","site-content-layout":"","ast-site-content-layout":"default","site-content-style":"default","site-sidebar-style":"default","ast-global-header-display":"","ast-banner-title-visibility":"","ast-main-header-display":"","ast-hfb-above-header-display":"","ast-hfb-below-header-display":"","ast-hfb-mobile-header-display":"","site-post-title":"","ast-breadcrumbs-content":"","ast-featured-img":"","footer-sml-layout":"","ast-disable-related-posts":"","theme-transparent-header-meta":"","adv-header-id-meta":"","stick-header-meta":"","header-above-stick-meta":"","header-main-stick-meta":"","header-below-stick-meta":"","astra-migrate-meta-layouts":"default","ast-page-background-enabled":"default","ast-page-background-meta":{"desktop":{"background-color":"var(--ast-global-color-5)","background-image":"","background-repeat":"repeat","background-position":"center center","background-size":"auto","background-attachment":"scroll","background-type":"","background-media":"","overlay-type":"","overlay-color":"","overlay-opacity":"","overlay-gradient":""},"tablet":{"background-color":"","background-image":"","background-repeat":"repeat","background-position":"center center","background-size":"auto","background-attachment":"scroll","background-type":"","background-media":"","overlay-type":"","overlay-color":"","overlay-opacity":"","overlay-gradient":""},"mobile":{"background-color":"","background-image":"","background-repeat":"repeat","background-position":"center center","background-size":"auto","background-attachment":"scroll","background-type":"","background-media":"","overlay-type":"","overlay-color":"","overlay-opacity":"","overlay-gradient":""}},"ast-content-background-meta":{"desktop":{"background-color":"var(--ast-global-color-4)","background-image":"","background-repeat":"repeat","background-position":"center center","background-size":"auto","background-attachment":"scroll","background-type":"","background-media":"","overlay-type":"","overlay-color":"","overlay-opacity":"","overlay-gradient":""},"tablet":{"background-color":"var(--ast-global-color-4)","background-image":"","background-repeat":"repeat","background-position":"center center","background-size":"auto","background-attachment":"scroll","background-type":"","background-media":"","overlay-type":"","overlay-color":"","overlay-opacity":"","overlay-gradient":""},"mobile":{"background-color":"var(--ast-global-color-4)","background-image":"","background-repeat":"repeat","background-position":"center center","background-size":"auto","background-attachment":"scroll","background-type":"","background-media":"","overlay-type":"","overlay-color":"","overlay-opacity":"","overlay-gradient":""}}},"product_brand":[],"product_cat":[341,342],"product_tag":[],"class_list":{"0":"post-280045","1":"product","2":"type-product","3":"status-publish","4":"has-post-thumbnail","6":"product_cat-bware","7":"product_cat-b-ware","8":"product_shipping_class-paketdienst","9":"desktop-align-left","10":"tablet-align-left","11":"mobile-align-left","13":"first","14":"instock","15":"sale","16":"taxable","17":"shipping-taxable","18":"purchasable","19":"product-type-simple"},"_links":{"self":[{"href":"https:\/\/by-gloria.com\/shop\/wp-json\/wp\/v2\/product\/280045","targetHints":{"allow":["GET"]}}],"collection":[{"href":"https:\/\/by-gloria.com\/shop\/wp-json\/wp\/v2\/product"}],"about":[{"href":"https:\/\/by-gloria.com\/shop\/wp-json\/wp\/v2\/types\/product"}],"wp:featuredmedia":[{"embeddable":true,"href":"https:\/\/by-gloria.com\/shop\/wp-json\/wp\/v2\/media\/280044"}],"wp:attachment":[{"href":"https:\/\/by-gloria.com\/shop\/wp-json\/wp\/v2\/media?parent=280045"}],"wp:term":[{"taxonomy":"product_brand","embeddable":true,"href":"https:\/\/by-gloria.com\/shop\/wp-json\/wp\/v2\/product_brand?post=280045"},{"taxonomy":"product_cat","embeddable":true,"href":"https:\/\/by-gloria.com\/shop\/wp-json\/wp\/v2\/product_cat?post=280045"},{"taxonomy":"product_tag","embeddable":true,"href":"https:\/\/by-gloria.com\/shop\/wp-json\/wp\/v2\/product_tag?post=280045"}],"curies":[{"name":"wp","href":"https:\/\/api.w.org\/{rel}","templated":true}]}}