{"id":254778,"date":"2026-03-04T09:46:31","date_gmt":"2026-03-04T08:46:31","guid":{"rendered":"https:\/\/by-gloria.com\/shop\/produkt\/nardi-trill-bistrot-tabacco\/"},"modified":"2026-03-04T21:54:11","modified_gmt":"2026-03-04T20:54:11","slug":"nardi-trill-bistrot-tabacco","status":"publish","type":"product","link":"https:\/\/by-gloria.com\/shop\/produkt\/nardi-trill-bistrot-tabacco\/","title":{"rendered":"Nardi Trill Bistrot tabacco"},"content":{"rendered":"<p>Farbe: tabacco<br \/>\nAbmessungen: B 58,5cm x H 82,5cm<br \/>\nMonoblock Sessel ohne Armlehnen<br \/>\nMaterial: UV-best\u00e4ndigem fiberglass-Polypropylen, voll durchgef\u00e4rbt<br \/>\nMatt-Effekt<br \/>\nMit rutschfesten Fu\u00dfkappen<br \/>\nRecyclebarer Kunststoff<br \/>\nStapelbar<br \/>\nIn 9 verschiedenen Farben bestellbar! grigio, rosa bouquet, tortora, agave, tabacco, antracite, bianco, ottanio, senape<br \/>\nSitzauflagen in verschiedenen Farben bestellbar!<br \/>\nBestellungen, die h\u00f6her als die lagernde St\u00fcckzahl sind, k\u00f6nnen jederzeit abgewickelt und nachbestellt werden. Lieferzeit ca. 2-3 Wochen.<br \/>\n \u00d6sterreichweiter kostenloser Versand.<\/p>\n<p>Dazu bitte ein E-Mail an office@by-gloria.com<br \/>\nWeitere Infos direkt beim Hersteller unter www.nardioutdoor.com\/de\/ <\/p>\n","protected":false},"excerpt":{"rendered":"<p>Speditionszustellung auf Anfrage. <a href=\"mailto:office@by-gloria.com?subject=Speditionsanfrage zu Artikel [product_sku]&amp;body=o%20Zustellung%20nach%3A%20%0Ao%20PLZ%3A%20%0Ao%20Stadt%3A%20%0Ao%20Land%3A%20%0Ao%20Zustellung%20bis%20Bordsteinkannte%20%0Ao%20Zustellung%202-Mann%20Lieferung%20%28nur%20%C3%96sterreich%20m%C3%B6glich%29\">Hier klicken und Anfrage senden<\/a>.<br \/>\nOder Selbstabholung in Leibnitz.<\/p>\n","protected":false},"featured_media":254773,"template":"","meta":{"site-sidebar-layout":"default","site-content-layout":"","ast-site-content-layout":"default","site-content-style":"default","site-sidebar-style":"default","ast-global-header-display":"","ast-banner-title-visibility":"","ast-main-header-display":"","ast-hfb-above-header-display":"","ast-hfb-below-header-display":"","ast-hfb-mobile-header-display":"","site-post-title":"","ast-breadcrumbs-content":"","ast-featured-img":"","footer-sml-layout":"","ast-disable-related-posts":"","theme-transparent-header-meta":"","adv-header-id-meta":"","stick-header-meta":"","header-above-stick-meta":"","header-main-stick-meta":"","header-below-stick-meta":"","astra-migrate-meta-layouts":"default","ast-page-background-enabled":"default","ast-page-background-meta":{"desktop":{"background-color":"var(--ast-global-color-5)","background-image":"","background-repeat":"repeat","background-position":"center center","background-size":"auto","background-attachment":"scroll","background-type":"","background-media":"","overlay-type":"","overlay-color":"","overlay-opacity":"","overlay-gradient":""},"tablet":{"background-color":"","background-image":"","background-repeat":"repeat","background-position":"center center","background-size":"auto","background-attachment":"scroll","background-type":"","background-media":"","overlay-type":"","overlay-color":"","overlay-opacity":"","overlay-gradient":""},"mobile":{"background-color":"","background-image":"","background-repeat":"repeat","background-position":"center center","background-size":"auto","background-attachment":"scroll","background-type":"","background-media":"","overlay-type":"","overlay-color":"","overlay-opacity":"","overlay-gradient":""}},"ast-content-background-meta":{"desktop":{"background-color":"var(--ast-global-color-4)","background-image":"","background-repeat":"repeat","background-position":"center center","background-size":"auto","background-attachment":"scroll","background-type":"","background-media":"","overlay-type":"","overlay-color":"","overlay-opacity":"","overlay-gradient":""},"tablet":{"background-color":"var(--ast-global-color-4)","background-image":"","background-repeat":"repeat","background-position":"center center","background-size":"auto","background-attachment":"scroll","background-type":"","background-media":"","overlay-type":"","overlay-color":"","overlay-opacity":"","overlay-gradient":""},"mobile":{"background-color":"var(--ast-global-color-4)","background-image":"","background-repeat":"repeat","background-position":"center center","background-size":"auto","background-attachment":"scroll","background-type":"","background-media":"","overlay-type":"","overlay-color":"","overlay-opacity":"","overlay-gradient":""}}},"product_brand":[],"product_cat":[129,140],"product_tag":[],"class_list":{"0":"post-254778","1":"product","2":"type-product","3":"status-publish","4":"has-post-thumbnail","6":"product_cat-outdoor","7":"product_cat-outdoor-stuehle-und-hocker","8":"product_shipping_class-selbstabholung","9":"desktop-align-left","10":"tablet-align-left","11":"mobile-align-left","13":"first","14":"instock","15":"taxable","16":"shipping-taxable","17":"purchasable","18":"product-type-simple"},"_links":{"self":[{"href":"https:\/\/by-gloria.com\/shop\/wp-json\/wp\/v2\/product\/254778","targetHints":{"allow":["GET"]}}],"collection":[{"href":"https:\/\/by-gloria.com\/shop\/wp-json\/wp\/v2\/product"}],"about":[{"href":"https:\/\/by-gloria.com\/shop\/wp-json\/wp\/v2\/types\/product"}],"wp:featuredmedia":[{"embeddable":true,"href":"https:\/\/by-gloria.com\/shop\/wp-json\/wp\/v2\/media\/254773"}],"wp:attachment":[{"href":"https:\/\/by-gloria.com\/shop\/wp-json\/wp\/v2\/media?parent=254778"}],"wp:term":[{"taxonomy":"product_brand","embeddable":true,"href":"https:\/\/by-gloria.com\/shop\/wp-json\/wp\/v2\/product_brand?post=254778"},{"taxonomy":"product_cat","embeddable":true,"href":"https:\/\/by-gloria.com\/shop\/wp-json\/wp\/v2\/product_cat?post=254778"},{"taxonomy":"product_tag","embeddable":true,"href":"https:\/\/by-gloria.com\/shop\/wp-json\/wp\/v2\/product_tag?post=254778"}],"curies":[{"name":"wp","href":"https:\/\/api.w.org\/{rel}","templated":true}]}}