{"id":253668,"date":"2026-02-27T17:13:32","date_gmt":"2026-02-27T16:13:32","guid":{"rendered":"https:\/\/by-gloria.com\/shop\/produkt\/mako-satin-bettwaesche-135-x-200-80-x-80\/"},"modified":"2026-04-24T14:24:09","modified_gmt":"2026-04-24T12:24:09","slug":"mako-satin-bettwaesche-135-x-200-80-x-80","status":"publish","type":"product","link":"https:\/\/by-gloria.com\/shop\/produkt\/mako-satin-bettwaesche-135-x-200-80-x-80\/","title":{"rendered":"Mako-Satin-Bettw\u00e4sche 135 x 200 \/80 x 80"},"content":{"rendered":"<p>Marke: von Heckettlane<br \/>\nMaterial: Mako Satin<br \/>\nFarbe: Wei\u00df<br \/>\nAbmessungen: L 200 cm x B 135 cm<\/p>\n<p>Hinweis zur B-Ware:<br \/>\nDieser Artikel kann leichte optische M\u00e4ngel, Gebrauchsspuren, kleine Verpackungssch\u00e4den aufweisen oder ein Internetbestellr\u00fcckl\u00e4ufer sein.<\/p>\n<p>Bitte beachten:<br \/>\nEin R\u00fcckversand ist bei B-Ware ausgeschlossen, ebenso wie ein Umtausch des Produktes.<br \/>\nMit dem Kauf des Produktes erkl\u00e4ren Sie sich mit diesem Hinweis ausdr\u00fccklich einverstanden.<\/p>\n<p>Verpackung wurde ge\u00f6ffnet, Artikel einwandfrei !!!<\/p>\n","protected":false},"excerpt":{"rendered":"<p>Lieferzeit mit Paketdienst: ca. 3-5 Werktage<\/p>\n","protected":false},"featured_media":253667,"template":"","meta":{"site-sidebar-layout":"default","site-content-layout":"","ast-site-content-layout":"default","site-content-style":"default","site-sidebar-style":"default","ast-global-header-display":"","ast-banner-title-visibility":"","ast-main-header-display":"","ast-hfb-above-header-display":"","ast-hfb-below-header-display":"","ast-hfb-mobile-header-display":"","site-post-title":"","ast-breadcrumbs-content":"","ast-featured-img":"","footer-sml-layout":"","ast-disable-related-posts":"","theme-transparent-header-meta":"","adv-header-id-meta":"","stick-header-meta":"","header-above-stick-meta":"","header-main-stick-meta":"","header-below-stick-meta":"","astra-migrate-meta-layouts":"default","ast-page-background-enabled":"default","ast-page-background-meta":{"desktop":{"background-color":"var(--ast-global-color-5)","background-image":"","background-repeat":"repeat","background-position":"center center","background-size":"auto","background-attachment":"scroll","background-type":"","background-media":"","overlay-type":"","overlay-color":"","overlay-opacity":"","overlay-gradient":""},"tablet":{"background-color":"","background-image":"","background-repeat":"repeat","background-position":"center center","background-size":"auto","background-attachment":"scroll","background-type":"","background-media":"","overlay-type":"","overlay-color":"","overlay-opacity":"","overlay-gradient":""},"mobile":{"background-color":"","background-image":"","background-repeat":"repeat","background-position":"center center","background-size":"auto","background-attachment":"scroll","background-type":"","background-media":"","overlay-type":"","overlay-color":"","overlay-opacity":"","overlay-gradient":""}},"ast-content-background-meta":{"desktop":{"background-color":"var(--ast-global-color-4)","background-image":"","background-repeat":"repeat","background-position":"center center","background-size":"auto","background-attachment":"scroll","background-type":"","background-media":"","overlay-type":"","overlay-color":"","overlay-opacity":"","overlay-gradient":""},"tablet":{"background-color":"var(--ast-global-color-4)","background-image":"","background-repeat":"repeat","background-position":"center center","background-size":"auto","background-attachment":"scroll","background-type":"","background-media":"","overlay-type":"","overlay-color":"","overlay-opacity":"","overlay-gradient":""},"mobile":{"background-color":"var(--ast-global-color-4)","background-image":"","background-repeat":"repeat","background-position":"center center","background-size":"auto","background-attachment":"scroll","background-type":"","background-media":"","overlay-type":"","overlay-color":"","overlay-opacity":"","overlay-gradient":""}}},"product_brand":[],"product_cat":[341,342],"product_tag":[],"class_list":{"0":"post-253668","1":"product","2":"type-product","3":"status-publish","4":"has-post-thumbnail","6":"product_cat-bware","7":"product_cat-b-ware","8":"product_shipping_class-paketdienst","9":"desktop-align-left","10":"tablet-align-left","11":"mobile-align-left","13":"first","14":"instock","15":"sale","16":"taxable","17":"shipping-taxable","18":"purchasable","19":"product-type-simple"},"_links":{"self":[{"href":"https:\/\/by-gloria.com\/shop\/wp-json\/wp\/v2\/product\/253668","targetHints":{"allow":["GET"]}}],"collection":[{"href":"https:\/\/by-gloria.com\/shop\/wp-json\/wp\/v2\/product"}],"about":[{"href":"https:\/\/by-gloria.com\/shop\/wp-json\/wp\/v2\/types\/product"}],"wp:featuredmedia":[{"embeddable":true,"href":"https:\/\/by-gloria.com\/shop\/wp-json\/wp\/v2\/media\/253667"}],"wp:attachment":[{"href":"https:\/\/by-gloria.com\/shop\/wp-json\/wp\/v2\/media?parent=253668"}],"wp:term":[{"taxonomy":"product_brand","embeddable":true,"href":"https:\/\/by-gloria.com\/shop\/wp-json\/wp\/v2\/product_brand?post=253668"},{"taxonomy":"product_cat","embeddable":true,"href":"https:\/\/by-gloria.com\/shop\/wp-json\/wp\/v2\/product_cat?post=253668"},{"taxonomy":"product_tag","embeddable":true,"href":"https:\/\/by-gloria.com\/shop\/wp-json\/wp\/v2\/product_tag?post=253668"}],"curies":[{"name":"wp","href":"https:\/\/api.w.org\/{rel}","templated":true}]}}