{"id":242469,"date":"2026-02-04T12:59:03","date_gmt":"2026-02-04T11:59:03","guid":{"rendered":"https:\/\/by-gloria.com\/shop\/produkt\/nardi-lettino-plano-bianco-bianco\/"},"modified":"2026-02-26T13:53:02","modified_gmt":"2026-02-26T12:53:02","slug":"nardi-lettino-plano-bianco-bianco","status":"publish","type":"product","link":"https:\/\/by-gloria.com\/shop\/produkt\/nardi-lettino-plano-bianco-bianco\/","title":{"rendered":"Nardi Lettino Plano bianco \/ bianco"},"content":{"rendered":"<p>Material: Struktur aus UV-best\u00e4ndigem Fiberglass, Polypropylen voll durchgef\u00e4rbt, Matt effekt<br \/>\nBezug aus atmungsaktivem und auswechselbarem Synthetikgewebe. Recyclebarer Kunststoff.<br \/>\nFarbe: Wei\u00df<br \/>\nAbmessungen: B 178\/211 cm x T 71 cm<br \/>\nR\u00fcckenlehneh\u00f6he: 97 cm<br \/>\nSitzfl\u00e4chenh\u00f6he: 36 cm <\/p>\n<p>Die stapelbare Ausf\u00fchrung dieser Wellnessliege bietet eine platzsparende Lagerung.<br \/>\nDie Liege ist leicht mit Gartenschlauch und Seifenwasser zu reinigen.<\/p>\n<p>Gestell und Bezug in verschiedenen Farben bestellbar!<br \/>\nmenta, corda, tortora, tabacco, bianco<\/p>\n<p>Bestellungen, die h\u00f6her als die lagernde St\u00fcckzahl sind, k\u00f6nnen jederzeit abgewickelt und nachbestellt werden.<br \/>\nLieferzeit ca. 2-3 Wochen.<\/p>\n<p>Dazu bitte ein E-Mail an office@by-gloria.com<br \/>\nWeitere Infos direkt beim Hersteller unter www.nardioutdoor.com\/de\/<\/p>\n","protected":false},"excerpt":{"rendered":"<p>Lieferung kostenlos in \u00d6sterreich, dauert nur 3-5 Werktage<\/p>\n","protected":false},"featured_media":242464,"template":"","meta":{"site-sidebar-layout":"default","site-content-layout":"","ast-site-content-layout":"default","site-content-style":"default","site-sidebar-style":"default","ast-global-header-display":"","ast-banner-title-visibility":"","ast-main-header-display":"","ast-hfb-above-header-display":"","ast-hfb-below-header-display":"","ast-hfb-mobile-header-display":"","site-post-title":"","ast-breadcrumbs-content":"","ast-featured-img":"","footer-sml-layout":"","ast-disable-related-posts":"","theme-transparent-header-meta":"","adv-header-id-meta":"","stick-header-meta":"","header-above-stick-meta":"","header-main-stick-meta":"","header-below-stick-meta":"","astra-migrate-meta-layouts":"default","ast-page-background-enabled":"default","ast-page-background-meta":{"desktop":{"background-color":"var(--ast-global-color-5)","background-image":"","background-repeat":"repeat","background-position":"center center","background-size":"auto","background-attachment":"scroll","background-type":"","background-media":"","overlay-type":"","overlay-color":"","overlay-opacity":"","overlay-gradient":""},"tablet":{"background-color":"","background-image":"","background-repeat":"repeat","background-position":"center center","background-size":"auto","background-attachment":"scroll","background-type":"","background-media":"","overlay-type":"","overlay-color":"","overlay-opacity":"","overlay-gradient":""},"mobile":{"background-color":"","background-image":"","background-repeat":"repeat","background-position":"center center","background-size":"auto","background-attachment":"scroll","background-type":"","background-media":"","overlay-type":"","overlay-color":"","overlay-opacity":"","overlay-gradient":""}},"ast-content-background-meta":{"desktop":{"background-color":"var(--ast-global-color-4)","background-image":"","background-repeat":"repeat","background-position":"center center","background-size":"auto","background-attachment":"scroll","background-type":"","background-media":"","overlay-type":"","overlay-color":"","overlay-opacity":"","overlay-gradient":""},"tablet":{"background-color":"var(--ast-global-color-4)","background-image":"","background-repeat":"repeat","background-position":"center center","background-size":"auto","background-attachment":"scroll","background-type":"","background-media":"","overlay-type":"","overlay-color":"","overlay-opacity":"","overlay-gradient":""},"mobile":{"background-color":"var(--ast-global-color-4)","background-image":"","background-repeat":"repeat","background-position":"center center","background-size":"auto","background-attachment":"scroll","background-type":"","background-media":"","overlay-type":"","overlay-color":"","overlay-opacity":"","overlay-gradient":""}}},"product_brand":[],"product_cat":[129,139],"product_tag":[],"class_list":{"0":"post-242469","1":"product","2":"type-product","3":"status-publish","4":"has-post-thumbnail","6":"product_cat-outdoor","7":"product_cat-outdoor-liegen","8":"product_shipping_class-kostenloser_versand_oesterreich","9":"desktop-align-left","10":"tablet-align-left","11":"mobile-align-left","13":"first","14":"instock","15":"taxable","16":"shipping-taxable","17":"purchasable","18":"product-type-simple"},"_links":{"self":[{"href":"https:\/\/by-gloria.com\/shop\/wp-json\/wp\/v2\/product\/242469","targetHints":{"allow":["GET"]}}],"collection":[{"href":"https:\/\/by-gloria.com\/shop\/wp-json\/wp\/v2\/product"}],"about":[{"href":"https:\/\/by-gloria.com\/shop\/wp-json\/wp\/v2\/types\/product"}],"wp:featuredmedia":[{"embeddable":true,"href":"https:\/\/by-gloria.com\/shop\/wp-json\/wp\/v2\/media\/242464"}],"wp:attachment":[{"href":"https:\/\/by-gloria.com\/shop\/wp-json\/wp\/v2\/media?parent=242469"}],"wp:term":[{"taxonomy":"product_brand","embeddable":true,"href":"https:\/\/by-gloria.com\/shop\/wp-json\/wp\/v2\/product_brand?post=242469"},{"taxonomy":"product_cat","embeddable":true,"href":"https:\/\/by-gloria.com\/shop\/wp-json\/wp\/v2\/product_cat?post=242469"},{"taxonomy":"product_tag","embeddable":true,"href":"https:\/\/by-gloria.com\/shop\/wp-json\/wp\/v2\/product_tag?post=242469"}],"curies":[{"name":"wp","href":"https:\/\/api.w.org\/{rel}","templated":true}]}}