{"id":242435,"date":"2026-02-04T12:49:48","date_gmt":"2026-02-04T11:49:48","guid":{"rendered":"https:\/\/by-gloria.com\/shop\/produkt\/nardi-net-table-40-senape\/"},"modified":"2026-03-20T14:24:26","modified_gmt":"2026-03-20T13:24:26","slug":"nardi-net-table-40-senape","status":"publish","type":"product","link":"https:\/\/by-gloria.com\/shop\/produkt\/nardi-net-table-40-senape\/","title":{"rendered":"Nardi Net Table 40 senape"},"content":{"rendered":"<p>Material: UV-best\u00e4ndigem Fiberglass-Polypropylen, voll durchgef\u00e4rbt, Matt effekt,Recyclebarer Kunststoff.<br \/>\nFarbe: Senape<br \/>\nAbmessungen: H 40 cm x B 40 cm x T 40 cm<br \/>\nStapelbar!<\/p>\n<p>In 8 verschiedenen Farben bestellbar!<br \/>\nmenta, corda,tabacco, senape, corallo, salice,bianco,antracite,tortora<\/p>\n<p>Bestellungen, die h\u00f6her als die lagernde St\u00fcckzahl sind, k\u00f6nnen jederzeit abgewickelt und nachbestellt werden.<br \/>\nLieferzeit ca. 2-3 Wochen.<\/p>\n<p>Kostenloser \u00f6sterreichweiter Versand.<\/p>\n<p>Dazu bitte ein E-Mail an office@by-gloria.com<br \/>\nWeitere Infos direkt beim Hersteller unter www.nardioutdoor.com\/de\/<\/p>\n","protected":false},"excerpt":{"rendered":"<p>Lieferung kostenlos in \u00d6sterreich, dauert nur 3-5 Werktage<\/p>\n","protected":false},"featured_media":242426,"template":"","meta":{"site-sidebar-layout":"default","site-content-layout":"","ast-site-content-layout":"default","site-content-style":"default","site-sidebar-style":"default","ast-global-header-display":"","ast-banner-title-visibility":"","ast-main-header-display":"","ast-hfb-above-header-display":"","ast-hfb-below-header-display":"","ast-hfb-mobile-header-display":"","site-post-title":"","ast-breadcrumbs-content":"","ast-featured-img":"","footer-sml-layout":"","ast-disable-related-posts":"","theme-transparent-header-meta":"","adv-header-id-meta":"","stick-header-meta":"","header-above-stick-meta":"","header-main-stick-meta":"","header-below-stick-meta":"","astra-migrate-meta-layouts":"default","ast-page-background-enabled":"default","ast-page-background-meta":{"desktop":{"background-color":"var(--ast-global-color-5)","background-image":"","background-repeat":"repeat","background-position":"center center","background-size":"auto","background-attachment":"scroll","background-type":"","background-media":"","overlay-type":"","overlay-color":"","overlay-opacity":"","overlay-gradient":""},"tablet":{"background-color":"","background-image":"","background-repeat":"repeat","background-position":"center center","background-size":"auto","background-attachment":"scroll","background-type":"","background-media":"","overlay-type":"","overlay-color":"","overlay-opacity":"","overlay-gradient":""},"mobile":{"background-color":"","background-image":"","background-repeat":"repeat","background-position":"center center","background-size":"auto","background-attachment":"scroll","background-type":"","background-media":"","overlay-type":"","overlay-color":"","overlay-opacity":"","overlay-gradient":""}},"ast-content-background-meta":{"desktop":{"background-color":"var(--ast-global-color-4)","background-image":"","background-repeat":"repeat","background-position":"center center","background-size":"auto","background-attachment":"scroll","background-type":"","background-media":"","overlay-type":"","overlay-color":"","overlay-opacity":"","overlay-gradient":""},"tablet":{"background-color":"var(--ast-global-color-4)","background-image":"","background-repeat":"repeat","background-position":"center center","background-size":"auto","background-attachment":"scroll","background-type":"","background-media":"","overlay-type":"","overlay-color":"","overlay-opacity":"","overlay-gradient":""},"mobile":{"background-color":"var(--ast-global-color-4)","background-image":"","background-repeat":"repeat","background-position":"center center","background-size":"auto","background-attachment":"scroll","background-type":"","background-media":"","overlay-type":"","overlay-color":"","overlay-opacity":"","overlay-gradient":""}}},"product_brand":[],"product_cat":[129,137],"product_tag":[],"class_list":{"0":"post-242435","1":"product","2":"type-product","3":"status-publish","4":"has-post-thumbnail","6":"product_cat-outdoor","7":"product_cat-outdoor-esstische-beistelltische","8":"product_shipping_class-kostenloser_versand_oesterreich","9":"desktop-align-left","10":"tablet-align-left","11":"mobile-align-left","13":"first","14":"instock","15":"taxable","16":"shipping-taxable","17":"purchasable","18":"product-type-simple"},"_links":{"self":[{"href":"https:\/\/by-gloria.com\/shop\/wp-json\/wp\/v2\/product\/242435","targetHints":{"allow":["GET"]}}],"collection":[{"href":"https:\/\/by-gloria.com\/shop\/wp-json\/wp\/v2\/product"}],"about":[{"href":"https:\/\/by-gloria.com\/shop\/wp-json\/wp\/v2\/types\/product"}],"wp:featuredmedia":[{"embeddable":true,"href":"https:\/\/by-gloria.com\/shop\/wp-json\/wp\/v2\/media\/242426"}],"wp:attachment":[{"href":"https:\/\/by-gloria.com\/shop\/wp-json\/wp\/v2\/media?parent=242435"}],"wp:term":[{"taxonomy":"product_brand","embeddable":true,"href":"https:\/\/by-gloria.com\/shop\/wp-json\/wp\/v2\/product_brand?post=242435"},{"taxonomy":"product_cat","embeddable":true,"href":"https:\/\/by-gloria.com\/shop\/wp-json\/wp\/v2\/product_cat?post=242435"},{"taxonomy":"product_tag","embeddable":true,"href":"https:\/\/by-gloria.com\/shop\/wp-json\/wp\/v2\/product_tag?post=242435"}],"curies":[{"name":"wp","href":"https:\/\/api.w.org\/{rel}","templated":true}]}}