{"id":18622,"date":"2025-06-19T01:07:47","date_gmt":"2025-06-18T23:07:47","guid":{"rendered":"https:\/\/by-gloria.com\/shop\/produkt\/foundation-spf-15-beige-mit-mini-foundationpinsel\/"},"modified":"2026-02-13T15:23:01","modified_gmt":"2026-02-13T14:23:01","slug":"foundation-spf-15-beige-mit-mini-foundationpinsel","status":"publish","type":"product","link":"https:\/\/by-gloria.com\/shop\/produkt\/foundation-spf-15-beige-mit-mini-foundationpinsel\/","title":{"rendered":"Foundation SPF 15 Beige, mit Mini-Foundationpinsel"},"content":{"rendered":"<p>von Bobbi Brown<br \/>\nInhalt: 30 ml<br \/>\nEine Foundation, die 16 Stunden h\u00e4lt mit einer nat\u00fcrlichen, mehrdimensionalen, matten Deckkraft, die komfortabel, atmungsaktiv und schwerelos ist, die sich perfekt Ihrem Unterton anpasst, um den Teint in einem einfachen Schritt auszugleichen und zu korrigieren. Diese ultra-seidene Emulsion wird durch einen schnellen Kaltverschmelzungsprozess hergestellt und zeichnet sich durch eine perfekt ausgewogene Mischung aus hautfreundlichen Inhaltsstoffen, \u00f6lregulierenden Wirkstoffen und hautgetreuen Pigmenten aus. Unglaublich sanft und gut zu verblenden, gleitet sie auf der Haut und f\u00fchlt sich wie eine zweite Haut an.<br \/>\nH\u00c4LT DEN GANZEN TAG Diese in extremer Hitze und Feuchtigkeit getestete 16-Stunden-Formel ist schwei\u00df- und feuchtigkeitsbest\u00e4ndig. Die Deckkraft \u00fcberzeugt, die Textur verl\u00e4uft nicht inLinien und Falten und bleibt farbecht.<br \/>\nMULTIDIMENSIONAL MATTE COVERAGE Hautgetreue Pigmente, die in einer weichmachenden Gelbasis integriert sind, legen sich auf die Haut und reflektieren das Licht, um die nat\u00fcrlichen Konturen und Dimensionen der Haut zu verbessern. Verdeckt sofort R\u00f6tungen, Verf\u00e4rbungen und Poren mit mittlerer bis starker aufbauender Deckkraft.<br \/>\nKOMFORTABLES SECOND-SKIN GEF\u00dcHL Hautfreundliche, nicht-acnegenische Formel mit &#8222;Meeres-Zuckerrohr&#8220;-Algenextrakt und nat\u00fcrlichen Mineralpudern hilft, \u00fcbersch\u00fcssiges \u00d6l und Glanz zu kontrollieren. Gleichzeitig sorgt feuchtigkeitsbindendes Glyzerin f\u00fcr erfrischende Hydratation. Die Haut f\u00fchlt sich ausgewogen und angenehm an<br \/>\nForschungsergebnisse &#8211; In einer 4-w\u00f6chigen Verbraucherstudie mit 101 Teilnehmern:<br \/>\n96% sagten, dass ihre Haut sofort glanzfrei aussieht<br \/>\n93% f\u00fchlten sich sofort porenfrei<br \/>\n92% sagten, dass ihre Haut den ganzen Tag gleichm\u00e4\u00dfiger aussieht<br \/>\n91% sagten, dass ihre Haut den ganzen Tag frisch aussieht<br \/>\n84% f\u00fchlten sich mit Feuchtigkeit versorgt<br \/>\n81% sagten, dass die Foundation all ihren Aktivit\u00e4ten standh\u00e4lt<br \/>\nParabenfrei; phthalat-frei; sulfat-frei; sulfit-frei; gluten-frei; vegan, dermatologisch getestet, nicht-acnegenisch<\/p>\n<p>Ideal f\u00fcr normale bis \u00f6lige Haut.<\/p>\n<p>Anwendung: F\u00fcr beste Ergebnisse mit einem Schwamm oder einer B\u00fcrste Ihrer Wahl auf die saubere, befeuchtete Haut auftragen. F\u00fcr beste Ergebnisse Bobbi Brown&#8217;s Foundation Brush oder Full Coverage Face Brush (beide separat erh\u00e4ltlich) verwenden.<br \/>\nFrische, gesund aussehende Haut in 3 Schritten:<br \/>\nVorbereitung &#8211; Vitaminangereicherte Gesichtsgrundierung auftragen, um die Haut f\u00fcr das Make-up mit Feuchtigkeit zu versorgen, zu gl\u00e4tten und vorzubereiten.<br \/>\nKorrigieren &#8211; Korrektor mit dem Concealer-Mischpinsel auf die leichten Schatten unter dem Auge auftragen, dabei so nah wie m\u00f6glich an die Lidstrichlinie und den innersten Augenwinkel herankommen. Mit dem Finger sanft ausblenden und dar\u00fcber den Concealer auftragen.<br \/>\nPerfecktionieren &#8211; Mit dem Full Coverage Face Brush tragen Sie die Skin Long-Wear Weightless Foundation SPF 15 auf die Haut auf, wobei Sie in der Mitte des Gesichts beginnen und nach aussen hin ausblenden.<\/p>\n","protected":false},"excerpt":{"rendered":"<p>Lieferzeit mit Paketdienst: ca. 3-5 Werktage<\/p>\n","protected":false},"featured_media":18621,"template":"","meta":{"site-sidebar-layout":"default","site-content-layout":"","ast-site-content-layout":"default","site-content-style":"default","site-sidebar-style":"default","ast-global-header-display":"","ast-banner-title-visibility":"","ast-main-header-display":"","ast-hfb-above-header-display":"","ast-hfb-below-header-display":"","ast-hfb-mobile-header-display":"","site-post-title":"","ast-breadcrumbs-content":"","ast-featured-img":"","footer-sml-layout":"","ast-disable-related-posts":"","theme-transparent-header-meta":"","adv-header-id-meta":"","stick-header-meta":"","header-above-stick-meta":"","header-main-stick-meta":"","header-below-stick-meta":"","astra-migrate-meta-layouts":"default","ast-page-background-enabled":"default","ast-page-background-meta":{"desktop":{"background-color":"var(--ast-global-color-5)","background-image":"","background-repeat":"repeat","background-position":"center center","background-size":"auto","background-attachment":"scroll","background-type":"","background-media":"","overlay-type":"","overlay-color":"","overlay-opacity":"","overlay-gradient":""},"tablet":{"background-color":"","background-image":"","background-repeat":"repeat","background-position":"center center","background-size":"auto","background-attachment":"scroll","background-type":"","background-media":"","overlay-type":"","overlay-color":"","overlay-opacity":"","overlay-gradient":""},"mobile":{"background-color":"","background-image":"","background-repeat":"repeat","background-position":"center center","background-size":"auto","background-attachment":"scroll","background-type":"","background-media":"","overlay-type":"","overlay-color":"","overlay-opacity":"","overlay-gradient":""}},"ast-content-background-meta":{"desktop":{"background-color":"var(--ast-global-color-4)","background-image":"","background-repeat":"repeat","background-position":"center center","background-size":"auto","background-attachment":"scroll","background-type":"","background-media":"","overlay-type":"","overlay-color":"","overlay-opacity":"","overlay-gradient":""},"tablet":{"background-color":"var(--ast-global-color-4)","background-image":"","background-repeat":"repeat","background-position":"center center","background-size":"auto","background-attachment":"scroll","background-type":"","background-media":"","overlay-type":"","overlay-color":"","overlay-opacity":"","overlay-gradient":""},"mobile":{"background-color":"var(--ast-global-color-4)","background-image":"","background-repeat":"repeat","background-position":"center center","background-size":"auto","background-attachment":"scroll","background-type":"","background-media":"","overlay-type":"","overlay-color":"","overlay-opacity":"","overlay-gradient":""}}},"product_brand":[],"product_cat":[64,82],"product_tag":[],"class_list":{"0":"post-18622","1":"product","2":"type-product","3":"status-publish","4":"has-post-thumbnail","6":"product_cat-deko","7":"product_cat-kosmetikaccessoires-deko","8":"product_shipping_class-paketdienst","9":"desktop-align-left","10":"tablet-align-left","11":"mobile-align-left","13":"first","14":"instock","15":"sale","16":"taxable","17":"shipping-taxable","18":"purchasable","19":"product-type-simple"},"_links":{"self":[{"href":"https:\/\/by-gloria.com\/shop\/wp-json\/wp\/v2\/product\/18622","targetHints":{"allow":["GET"]}}],"collection":[{"href":"https:\/\/by-gloria.com\/shop\/wp-json\/wp\/v2\/product"}],"about":[{"href":"https:\/\/by-gloria.com\/shop\/wp-json\/wp\/v2\/types\/product"}],"wp:featuredmedia":[{"embeddable":true,"href":"https:\/\/by-gloria.com\/shop\/wp-json\/wp\/v2\/media\/18621"}],"wp:attachment":[{"href":"https:\/\/by-gloria.com\/shop\/wp-json\/wp\/v2\/media?parent=18622"}],"wp:term":[{"taxonomy":"product_brand","embeddable":true,"href":"https:\/\/by-gloria.com\/shop\/wp-json\/wp\/v2\/product_brand?post=18622"},{"taxonomy":"product_cat","embeddable":true,"href":"https:\/\/by-gloria.com\/shop\/wp-json\/wp\/v2\/product_cat?post=18622"},{"taxonomy":"product_tag","embeddable":true,"href":"https:\/\/by-gloria.com\/shop\/wp-json\/wp\/v2\/product_tag?post=18622"}],"curies":[{"name":"wp","href":"https:\/\/api.w.org\/{rel}","templated":true}]}}