{"id":18594,"date":"2025-06-19T01:07:44","date_gmt":"2025-06-18T23:07:44","guid":{"rendered":"https:\/\/by-gloria.com\/shop\/produkt\/anti-frizz-spray-smooth-infusion-perfect-blow-dry\/"},"modified":"2026-02-23T17:32:33","modified_gmt":"2026-02-23T16:32:33","slug":"anti-frizz-spray-smooth-infusion-perfect-blow-dry","status":"publish","type":"product","link":"https:\/\/by-gloria.com\/shop\/produkt\/anti-frizz-spray-smooth-infusion-perfect-blow-dry\/","title":{"rendered":"Anti-Frizz-Spray Smooth Infusion Perfect Blow Dry"},"content":{"rendered":"<p>von AVEDA<br \/>\nInhalt: 200 ml<br \/>\nDas AVEDA Smooth Infusion Perfect Blow Dry ist ein nicht beschwerendes, durch hitzeaktiviertes Blow-Dry Treatment und bietet einen Anti-Frizz-Schutz f\u00fcr 72 Stunden. Jede Haarstr\u00e4hne wird von einem unsichtbaren Schutzschild umh\u00fcllt, der Luftfeuchtigkeit abh\u00e4lt und kr\u00e4uselnde Str\u00e4hnen 5 x l\u00e4nger glatt und geschmeidig h\u00e4lt. Das Produkt ist zu 100 % vegan, enth\u00e4lt einen nat\u00fcrlich gewonnenen UV-Filter und sch\u00fctzt das Haar bei Hitzestyling bis zu 230\u00b0C. F\u00fcr wundersch\u00f6n gl\u00e4nzendes und geschmeidiges Haar.<br \/>\nEnth\u00e4lt Kalahari-Melonenkern\u00f6l und Tamanu-\u00d6l. Es gl\u00e4ttet und pflegt die Oberfl\u00e4chenschicht f\u00fcr Geschmeidigkeit und Glanz<br \/>\nAroma des AVEDA Smooth Infusion Perfect Blow Dry<br \/>\nDer Duft besteht aus Avedas eigenen Pure-Fume Aroma, gewonnen aus australischem Sandelholz, Bergamotte, Palmarosa sowie anderen reinen Blumen- und Pflanzenessenzen.<\/p>\n","protected":false},"excerpt":{"rendered":"<p>Lieferzeit mit Paketdienst: ca. 3-5 Werktage<\/p>\n","protected":false},"featured_media":18593,"template":"","meta":{"site-sidebar-layout":"default","site-content-layout":"","ast-site-content-layout":"default","site-content-style":"default","site-sidebar-style":"default","ast-global-header-display":"","ast-banner-title-visibility":"","ast-main-header-display":"","ast-hfb-above-header-display":"","ast-hfb-below-header-display":"","ast-hfb-mobile-header-display":"","site-post-title":"","ast-breadcrumbs-content":"","ast-featured-img":"","footer-sml-layout":"","ast-disable-related-posts":"","theme-transparent-header-meta":"","adv-header-id-meta":"","stick-header-meta":"","header-above-stick-meta":"","header-main-stick-meta":"","header-below-stick-meta":"","astra-migrate-meta-layouts":"default","ast-page-background-enabled":"default","ast-page-background-meta":{"desktop":{"background-color":"var(--ast-global-color-5)","background-image":"","background-repeat":"repeat","background-position":"center center","background-size":"auto","background-attachment":"scroll","background-type":"","background-media":"","overlay-type":"","overlay-color":"","overlay-opacity":"","overlay-gradient":""},"tablet":{"background-color":"","background-image":"","background-repeat":"repeat","background-position":"center center","background-size":"auto","background-attachment":"scroll","background-type":"","background-media":"","overlay-type":"","overlay-color":"","overlay-opacity":"","overlay-gradient":""},"mobile":{"background-color":"","background-image":"","background-repeat":"repeat","background-position":"center center","background-size":"auto","background-attachment":"scroll","background-type":"","background-media":"","overlay-type":"","overlay-color":"","overlay-opacity":"","overlay-gradient":""}},"ast-content-background-meta":{"desktop":{"background-color":"var(--ast-global-color-4)","background-image":"","background-repeat":"repeat","background-position":"center center","background-size":"auto","background-attachment":"scroll","background-type":"","background-media":"","overlay-type":"","overlay-color":"","overlay-opacity":"","overlay-gradient":""},"tablet":{"background-color":"var(--ast-global-color-4)","background-image":"","background-repeat":"repeat","background-position":"center center","background-size":"auto","background-attachment":"scroll","background-type":"","background-media":"","overlay-type":"","overlay-color":"","overlay-opacity":"","overlay-gradient":""},"mobile":{"background-color":"var(--ast-global-color-4)","background-image":"","background-repeat":"repeat","background-position":"center center","background-size":"auto","background-attachment":"scroll","background-type":"","background-media":"","overlay-type":"","overlay-color":"","overlay-opacity":"","overlay-gradient":""}}},"product_brand":[318],"product_cat":[64,82,147],"product_tag":[],"class_list":{"0":"post-18594","1":"product","2":"type-product","3":"status-publish","4":"has-post-thumbnail","6":"product_brand-by-gloria-home","7":"product_cat-deko","8":"product_cat-kosmetikaccessoires-deko","9":"product_cat-sales-sales","10":"product_shipping_class-paketdienst","11":"desktop-align-left","12":"tablet-align-left","13":"mobile-align-left","15":"first","16":"instock","17":"sale","18":"taxable","19":"shipping-taxable","20":"purchasable","21":"product-type-simple"},"_links":{"self":[{"href":"https:\/\/by-gloria.com\/shop\/wp-json\/wp\/v2\/product\/18594","targetHints":{"allow":["GET"]}}],"collection":[{"href":"https:\/\/by-gloria.com\/shop\/wp-json\/wp\/v2\/product"}],"about":[{"href":"https:\/\/by-gloria.com\/shop\/wp-json\/wp\/v2\/types\/product"}],"wp:featuredmedia":[{"embeddable":true,"href":"https:\/\/by-gloria.com\/shop\/wp-json\/wp\/v2\/media\/18593"}],"wp:attachment":[{"href":"https:\/\/by-gloria.com\/shop\/wp-json\/wp\/v2\/media?parent=18594"}],"wp:term":[{"taxonomy":"product_brand","embeddable":true,"href":"https:\/\/by-gloria.com\/shop\/wp-json\/wp\/v2\/product_brand?post=18594"},{"taxonomy":"product_cat","embeddable":true,"href":"https:\/\/by-gloria.com\/shop\/wp-json\/wp\/v2\/product_cat?post=18594"},{"taxonomy":"product_tag","embeddable":true,"href":"https:\/\/by-gloria.com\/shop\/wp-json\/wp\/v2\/product_tag?post=18594"}],"curies":[{"name":"wp","href":"https:\/\/api.w.org\/{rel}","templated":true}]}}