{"id":17915,"date":"2025-06-19T01:06:30","date_gmt":"2025-06-18T23:06:30","guid":{"rendered":"https:\/\/by-gloria.com\/shop\/produkt\/okkia-sonnenbrille-silvia-ok020-hb\/"},"modified":"2026-03-31T13:37:30","modified_gmt":"2026-03-31T11:37:30","slug":"okkia-sonnenbrille-silvia-ok020-hb","status":"publish","type":"product","link":"https:\/\/by-gloria.com\/shop\/produkt\/okkia-sonnenbrille-silvia-ok020-hb\/","title":{"rendered":"Okkia Sonnenbrille Silvia, OK020-HB"},"content":{"rendered":"<p>SILVIA ist eine vormontierte Gatto Lite-Sonnenbrille mit Soft-Touch-Rahmen und \u00fcberlappenden Gl\u00e4sern.<br \/>\nFarbe: Havanna und Blau<br \/>\nRahmen, gr\u00f6\u00dfere Gl\u00e4ser und erh\u00f6hte Ecken verleihen ihm zus\u00e4tzlichen Charme und Geheimnis.<\/p>\n<p>REINIGUNG: Verwenden Sie ein feuchtes Tuch und ein normales neutrales Reinigungsmittel und trocknen Sie es mit einem weichen, sauberen Tuch ab. Vermeiden Sie die Verwendung von L\u00f6sungsmitteln.<br \/>\nDieses Modell entspricht den europ\u00e4ischen Normen f\u00fcr Brillen der Lichtfilterkategorie 3 (Durchl\u00e4ssigkeit 8 % -18 %) mit UV 400-Schutz, wie im Produkt angegeben und in der herunterladbaren Infografik hier spezifiziert.<\/p>\n","protected":false},"excerpt":{"rendered":"<p>Lieferzeit mit Paketdienst: ca. 3-5 Werktage<\/p>\n","protected":false},"featured_media":17914,"template":"","meta":{"site-sidebar-layout":"default","site-content-layout":"","ast-site-content-layout":"default","site-content-style":"default","site-sidebar-style":"default","ast-global-header-display":"","ast-banner-title-visibility":"","ast-main-header-display":"","ast-hfb-above-header-display":"","ast-hfb-below-header-display":"","ast-hfb-mobile-header-display":"","site-post-title":"","ast-breadcrumbs-content":"","ast-featured-img":"","footer-sml-layout":"","ast-disable-related-posts":"","theme-transparent-header-meta":"","adv-header-id-meta":"","stick-header-meta":"","header-above-stick-meta":"","header-main-stick-meta":"","header-below-stick-meta":"","astra-migrate-meta-layouts":"default","ast-page-background-enabled":"default","ast-page-background-meta":{"desktop":{"background-color":"var(--ast-global-color-5)","background-image":"","background-repeat":"repeat","background-position":"center center","background-size":"auto","background-attachment":"scroll","background-type":"","background-media":"","overlay-type":"","overlay-color":"","overlay-opacity":"","overlay-gradient":""},"tablet":{"background-color":"","background-image":"","background-repeat":"repeat","background-position":"center center","background-size":"auto","background-attachment":"scroll","background-type":"","background-media":"","overlay-type":"","overlay-color":"","overlay-opacity":"","overlay-gradient":""},"mobile":{"background-color":"","background-image":"","background-repeat":"repeat","background-position":"center center","background-size":"auto","background-attachment":"scroll","background-type":"","background-media":"","overlay-type":"","overlay-color":"","overlay-opacity":"","overlay-gradient":""}},"ast-content-background-meta":{"desktop":{"background-color":"var(--ast-global-color-4)","background-image":"","background-repeat":"repeat","background-position":"center center","background-size":"auto","background-attachment":"scroll","background-type":"","background-media":"","overlay-type":"","overlay-color":"","overlay-opacity":"","overlay-gradient":""},"tablet":{"background-color":"var(--ast-global-color-4)","background-image":"","background-repeat":"repeat","background-position":"center center","background-size":"auto","background-attachment":"scroll","background-type":"","background-media":"","overlay-type":"","overlay-color":"","overlay-opacity":"","overlay-gradient":""},"mobile":{"background-color":"var(--ast-global-color-4)","background-image":"","background-repeat":"repeat","background-position":"center center","background-size":"auto","background-attachment":"scroll","background-type":"","background-media":"","overlay-type":"","overlay-color":"","overlay-opacity":"","overlay-gradient":""}}},"product_brand":[329],"product_cat":[58,61],"product_tag":[],"class_list":{"0":"post-17915","1":"product","2":"type-product","3":"status-publish","4":"has-post-thumbnail","6":"product_brand-okkia","7":"product_cat-brillen","8":"product_cat-sonnenbrillen","9":"product_shipping_class-paketdienst","10":"desktop-align-left","11":"tablet-align-left","12":"mobile-align-left","14":"first","15":"instock","16":"sale","17":"taxable","18":"shipping-taxable","19":"purchasable","20":"product-type-simple"},"_links":{"self":[{"href":"https:\/\/by-gloria.com\/shop\/wp-json\/wp\/v2\/product\/17915","targetHints":{"allow":["GET"]}}],"collection":[{"href":"https:\/\/by-gloria.com\/shop\/wp-json\/wp\/v2\/product"}],"about":[{"href":"https:\/\/by-gloria.com\/shop\/wp-json\/wp\/v2\/types\/product"}],"wp:featuredmedia":[{"embeddable":true,"href":"https:\/\/by-gloria.com\/shop\/wp-json\/wp\/v2\/media\/17914"}],"wp:attachment":[{"href":"https:\/\/by-gloria.com\/shop\/wp-json\/wp\/v2\/media?parent=17915"}],"wp:term":[{"taxonomy":"product_brand","embeddable":true,"href":"https:\/\/by-gloria.com\/shop\/wp-json\/wp\/v2\/product_brand?post=17915"},{"taxonomy":"product_cat","embeddable":true,"href":"https:\/\/by-gloria.com\/shop\/wp-json\/wp\/v2\/product_cat?post=17915"},{"taxonomy":"product_tag","embeddable":true,"href":"https:\/\/by-gloria.com\/shop\/wp-json\/wp\/v2\/product_tag?post=17915"}],"curies":[{"name":"wp","href":"https:\/\/api.w.org\/{rel}","templated":true}]}}