{"id":17871,"date":"2025-06-19T01:06:27","date_gmt":"2025-06-18T23:06:27","guid":{"rendered":"https:\/\/by-gloria.com\/shop\/produkt\/okkia-sonnen-lesebrille-ok08bsl2-50\/"},"modified":"2025-06-19T01:40:19","modified_gmt":"2025-06-18T23:40:19","slug":"okkia-sonnen-lesebrille-ok08bsl2-50","status":"publish","type":"product","link":"https:\/\/by-gloria.com\/shop\/produkt\/okkia-sonnen-lesebrille-ok08bsl2-50\/","title":{"rendered":"Okkia Sonnen-Lesebrille, OK08BSL,+2.50"},"content":{"rendered":"<p>Sommererlebnis! Wenn Sie in der Sonne, unter dem Sonnenschirm oder mitten auf einer gr\u00fcnen Sonnenwiese lesen, k\u00f6nnen Sie die Lesegl\u00e4ser einfach abdunkeln. Eine einfache und doch innovative Funktion. Farbe: Schwarz Dioptrien: 2.50 REINIGUNG: Verwenden Sie ein feuchtes Tuch und ein normales neutrales Reinigungsmittel und trocknen Sie es mit einem weichen, sauberen Tuch ab. Vermeiden Sie die Verwendung von L\u00f6sungsmitteln. KATEGORIE: SONNENLEKT\u00dcRE Dieses Modell entspricht den europ\u00e4ischen Normen f\u00fcr vormontierte Brillen (NF EN 14139) und den internationalen Normen f\u00fcr Brillengestelle f\u00fcr Korrekturbrillen (ISO 12312 &#8211; 1:2013\/A1-2015).<\/p>\n","protected":false},"excerpt":{"rendered":"<p>Lieferzeit: Paketdienst- ca. 3-5 Werktage<\/p>\n","protected":false},"featured_media":17870,"template":"","meta":{"site-sidebar-layout":"default","site-content-layout":"","ast-site-content-layout":"default","site-content-style":"default","site-sidebar-style":"default","ast-global-header-display":"","ast-banner-title-visibility":"","ast-main-header-display":"","ast-hfb-above-header-display":"","ast-hfb-below-header-display":"","ast-hfb-mobile-header-display":"","site-post-title":"","ast-breadcrumbs-content":"","ast-featured-img":"","footer-sml-layout":"","ast-disable-related-posts":"","theme-transparent-header-meta":"","adv-header-id-meta":"","stick-header-meta":"","header-above-stick-meta":"","header-main-stick-meta":"","header-below-stick-meta":"","astra-migrate-meta-layouts":"default","ast-page-background-enabled":"default","ast-page-background-meta":{"desktop":{"background-color":"var(--ast-global-color-5)","background-image":"","background-repeat":"repeat","background-position":"center center","background-size":"auto","background-attachment":"scroll","background-type":"","background-media":"","overlay-type":"","overlay-color":"","overlay-opacity":"","overlay-gradient":""},"tablet":{"background-color":"","background-image":"","background-repeat":"repeat","background-position":"center center","background-size":"auto","background-attachment":"scroll","background-type":"","background-media":"","overlay-type":"","overlay-color":"","overlay-opacity":"","overlay-gradient":""},"mobile":{"background-color":"","background-image":"","background-repeat":"repeat","background-position":"center center","background-size":"auto","background-attachment":"scroll","background-type":"","background-media":"","overlay-type":"","overlay-color":"","overlay-opacity":"","overlay-gradient":""}},"ast-content-background-meta":{"desktop":{"background-color":"var(--ast-global-color-4)","background-image":"","background-repeat":"repeat","background-position":"center center","background-size":"auto","background-attachment":"scroll","background-type":"","background-media":"","overlay-type":"","overlay-color":"","overlay-opacity":"","overlay-gradient":""},"tablet":{"background-color":"var(--ast-global-color-4)","background-image":"","background-repeat":"repeat","background-position":"center center","background-size":"auto","background-attachment":"scroll","background-type":"","background-media":"","overlay-type":"","overlay-color":"","overlay-opacity":"","overlay-gradient":""},"mobile":{"background-color":"var(--ast-global-color-4)","background-image":"","background-repeat":"repeat","background-position":"center center","background-size":"auto","background-attachment":"scroll","background-type":"","background-media":"","overlay-type":"","overlay-color":"","overlay-opacity":"","overlay-gradient":""}}},"product_brand":[],"product_cat":[58,62],"product_tag":[],"class_list":{"0":"post-17871","1":"product","2":"type-product","3":"status-publish","4":"has-post-thumbnail","6":"product_cat-brillen","7":"product_cat-sonnenlesebrillen","8":"product_shipping_class-paketdienst","9":"desktop-align-left","10":"tablet-align-left","11":"mobile-align-left","13":"first","14":"instock","15":"sale","16":"taxable","17":"shipping-taxable","18":"purchasable","19":"product-type-simple"},"_links":{"self":[{"href":"https:\/\/by-gloria.com\/shop\/wp-json\/wp\/v2\/product\/17871","targetHints":{"allow":["GET"]}}],"collection":[{"href":"https:\/\/by-gloria.com\/shop\/wp-json\/wp\/v2\/product"}],"about":[{"href":"https:\/\/by-gloria.com\/shop\/wp-json\/wp\/v2\/types\/product"}],"wp:featuredmedia":[{"embeddable":true,"href":"https:\/\/by-gloria.com\/shop\/wp-json\/wp\/v2\/media\/17870"}],"wp:attachment":[{"href":"https:\/\/by-gloria.com\/shop\/wp-json\/wp\/v2\/media?parent=17871"}],"wp:term":[{"taxonomy":"product_brand","embeddable":true,"href":"https:\/\/by-gloria.com\/shop\/wp-json\/wp\/v2\/product_brand?post=17871"},{"taxonomy":"product_cat","embeddable":true,"href":"https:\/\/by-gloria.com\/shop\/wp-json\/wp\/v2\/product_cat?post=17871"},{"taxonomy":"product_tag","embeddable":true,"href":"https:\/\/by-gloria.com\/shop\/wp-json\/wp\/v2\/product_tag?post=17871"}],"curies":[{"name":"wp","href":"https:\/\/api.w.org\/{rel}","templated":true}]}}