{"id":17704,"date":"2025-06-19T01:06:06","date_gmt":"2025-06-18T23:06:06","guid":{"rendered":"https:\/\/by-gloria.com\/shop\/produkt\/nardi-maximo-elemento-centrale-gesso-perla-sunbrella\/"},"modified":"2026-01-14T14:12:32","modified_gmt":"2026-01-14T13:12:32","slug":"nardi-maximo-elemento-centrale-gesso-perla-sunbrella","status":"publish","type":"product","link":"https:\/\/by-gloria.com\/shop\/produkt\/nardi-maximo-elemento-centrale-gesso-perla-sunbrella\/","title":{"rendered":"Nardi Maximo Elemento Centrale, gesso perla Sunbrella"},"content":{"rendered":"<p>Modulares Polsterm\u00f6belsystem, das beliebig zusammengestellt werden kann.GESTELL: regeneriertem UV-best\u00e4ndigem fiberglass-Polypropylen*, voll durchgef\u00e4rbt. R\u00fcckenlehne und Armlehnen k\u00f6nnen auf allen Seiten des Sitzes mit einem Befestigungssystem ohne Verwendung von Schrauben eingeh\u00e4ngt werden.KISSEN: Abziehbarer\/zip.Maximo 5 besteht aus 5 Sitzmodulen und 8 R\u00fcckenlehnen<br \/>\nRecyclebarer Kunststoff.<\/p>\n<p>Das Gestell ist in 4 verschiedenen Farben bestellbar!<br \/>\nDie Sitzpolster sind in 4 verschiedenen Farben bestellbar!<\/p>\n<p>Sitzauflagen in verschiedenen Farben bestellbar!<br \/>\nBestellungen, die h\u00f6her als die lagernde St\u00fcckzahl sind, k\u00f6nnen jederzeit abgewickelt und nachbestellt werden. Lieferzeit ca. 2-3 Wochen.<\/p>\n<p>\u00d6sterreichweiter Versand auf Anfrage m\u00f6glich.<\/p>\n<p>Weitere Infos direkt beim Hersteller unter www.nardioutdoor.com\/de\/<\/p>\n","protected":false},"excerpt":{"rendered":"<p>Speditionszustellung auf Anfrage. <a href=\"mailto:office@by-gloria.com?subject=Speditionsanfrage zu Artikel [product_sku]&amp;body=o%20Zustellung%20nach%3A%20%0Ao%20PLZ%3A%20%0Ao%20Stadt%3A%20%0Ao%20Land%3A%20%0Ao%20Zustellung%20bis%20Bordsteinkannte%20%0Ao%20Zustellung%202-Mann%20Lieferung%20%28nur%20%C3%96sterreich%20m%C3%B6glich%29\">Hier klicken und Anfrage senden<\/a>.<br \/>\nOder Selbstabholung in Leibnitz.<\/p>\n","protected":false},"featured_media":17703,"template":"","meta":{"site-sidebar-layout":"default","site-content-layout":"","ast-site-content-layout":"default","site-content-style":"default","site-sidebar-style":"default","ast-global-header-display":"","ast-banner-title-visibility":"","ast-main-header-display":"","ast-hfb-above-header-display":"","ast-hfb-below-header-display":"","ast-hfb-mobile-header-display":"","site-post-title":"","ast-breadcrumbs-content":"","ast-featured-img":"","footer-sml-layout":"","ast-disable-related-posts":"","theme-transparent-header-meta":"","adv-header-id-meta":"","stick-header-meta":"","header-above-stick-meta":"","header-main-stick-meta":"","header-below-stick-meta":"","astra-migrate-meta-layouts":"default","ast-page-background-enabled":"default","ast-page-background-meta":{"desktop":{"background-color":"var(--ast-global-color-5)","background-image":"","background-repeat":"repeat","background-position":"center center","background-size":"auto","background-attachment":"scroll","background-type":"","background-media":"","overlay-type":"","overlay-color":"","overlay-opacity":"","overlay-gradient":""},"tablet":{"background-color":"","background-image":"","background-repeat":"repeat","background-position":"center center","background-size":"auto","background-attachment":"scroll","background-type":"","background-media":"","overlay-type":"","overlay-color":"","overlay-opacity":"","overlay-gradient":""},"mobile":{"background-color":"","background-image":"","background-repeat":"repeat","background-position":"center center","background-size":"auto","background-attachment":"scroll","background-type":"","background-media":"","overlay-type":"","overlay-color":"","overlay-opacity":"","overlay-gradient":""}},"ast-content-background-meta":{"desktop":{"background-color":"var(--ast-global-color-4)","background-image":"","background-repeat":"repeat","background-position":"center center","background-size":"auto","background-attachment":"scroll","background-type":"","background-media":"","overlay-type":"","overlay-color":"","overlay-opacity":"","overlay-gradient":""},"tablet":{"background-color":"var(--ast-global-color-4)","background-image":"","background-repeat":"repeat","background-position":"center center","background-size":"auto","background-attachment":"scroll","background-type":"","background-media":"","overlay-type":"","overlay-color":"","overlay-opacity":"","overlay-gradient":""},"mobile":{"background-color":"var(--ast-global-color-4)","background-image":"","background-repeat":"repeat","background-position":"center center","background-size":"auto","background-attachment":"scroll","background-type":"","background-media":"","overlay-type":"","overlay-color":"","overlay-opacity":"","overlay-gradient":""}}},"product_brand":[],"product_cat":[129,133,147],"product_tag":[],"class_list":{"0":"post-17704","1":"product","2":"type-product","3":"status-publish","4":"has-post-thumbnail","6":"product_cat-outdoor","7":"product_cat-outdoor-outdoor-moebel","8":"product_cat-sales-sales","9":"product_shipping_class-selbstabholung","10":"desktop-align-left","11":"tablet-align-left","12":"mobile-align-left","14":"first","15":"outofstock","16":"taxable","17":"shipping-taxable","18":"purchasable","19":"product-type-simple"},"_links":{"self":[{"href":"https:\/\/by-gloria.com\/shop\/wp-json\/wp\/v2\/product\/17704","targetHints":{"allow":["GET"]}}],"collection":[{"href":"https:\/\/by-gloria.com\/shop\/wp-json\/wp\/v2\/product"}],"about":[{"href":"https:\/\/by-gloria.com\/shop\/wp-json\/wp\/v2\/types\/product"}],"wp:featuredmedia":[{"embeddable":true,"href":"https:\/\/by-gloria.com\/shop\/wp-json\/wp\/v2\/media\/17703"}],"wp:attachment":[{"href":"https:\/\/by-gloria.com\/shop\/wp-json\/wp\/v2\/media?parent=17704"}],"wp:term":[{"taxonomy":"product_brand","embeddable":true,"href":"https:\/\/by-gloria.com\/shop\/wp-json\/wp\/v2\/product_brand?post=17704"},{"taxonomy":"product_cat","embeddable":true,"href":"https:\/\/by-gloria.com\/shop\/wp-json\/wp\/v2\/product_cat?post=17704"},{"taxonomy":"product_tag","embeddable":true,"href":"https:\/\/by-gloria.com\/shop\/wp-json\/wp\/v2\/product_tag?post=17704"}],"curies":[{"name":"wp","href":"https:\/\/api.w.org\/{rel}","templated":true}]}}