{"id":17509,"date":"2025-06-19T01:05:43","date_gmt":"2025-06-18T23:05:43","guid":{"rendered":"https:\/\/by-gloria.com\/shop\/produkt\/nardi-rio-alu-ausziehtisch-140-210cm-tortora\/"},"modified":"2026-02-10T13:38:21","modified_gmt":"2026-02-10T12:38:21","slug":"nardi-rio-alu-ausziehtisch-140-210cm-tortora","status":"publish","type":"product","link":"https:\/\/by-gloria.com\/shop\/produkt\/nardi-rio-alu-ausziehtisch-140-210cm-tortora\/","title":{"rendered":"Nardi Rio Alu Ausziehtisch 140\/210cm tortora"},"content":{"rendered":"<p>Ausziehbarer Nardi ALU Rio Extensible 140\/210 mit architektonischen Details von ausgepr\u00e4gter Pers\u00f6nlichkeit. Oberfl\u00e4che aus lackiertem, leicht geriffeltem Aluminium und Struktur ebenfalls aus lackiertem Aluminium.<br \/>\nVerl\u00e4ngerbarer Nardi ALU Rio Extensible 140<br \/>\nFarbe: tortora<br \/>\nMaterial: Gestell und Tischplatte aus epoxiertem Aluminium<br \/>\nH\u00f6henverstellbaren F\u00fc\u00dfen. 140 &#8211; 210 x 85 x 75h cm<br \/>\nIn 3 verschiedenen Farben lieferbar: tortora, anthrazit, bianco<br \/>\nBestellungen, die h\u00f6her als die lagernde St\u00fcckzahl sind, k\u00f6nnen jederzeit abgewickelt und nachbestellt werden. Lieferzeit ca. 2-3 Wochen.<br \/>\n\u00d6sterreichweite kostenlose Lieferung.<\/p>\n<p>Dazu bitte ein E-Mail an office@by-gloria.com<br \/>\nWeitere Infos direkt beim Hersteller unter www.nardioutdoor.com\/de\/ <\/p>\n","protected":false},"excerpt":{"rendered":"<p>Lieferung kostenlos in \u00d6sterreich, dauert nur 3-5 Werktage<\/p>\n","protected":false},"featured_media":17508,"template":"","meta":{"site-sidebar-layout":"default","site-content-layout":"","ast-site-content-layout":"default","site-content-style":"default","site-sidebar-style":"default","ast-global-header-display":"","ast-banner-title-visibility":"","ast-main-header-display":"","ast-hfb-above-header-display":"","ast-hfb-below-header-display":"","ast-hfb-mobile-header-display":"","site-post-title":"","ast-breadcrumbs-content":"","ast-featured-img":"","footer-sml-layout":"","ast-disable-related-posts":"","theme-transparent-header-meta":"","adv-header-id-meta":"","stick-header-meta":"","header-above-stick-meta":"","header-main-stick-meta":"","header-below-stick-meta":"","astra-migrate-meta-layouts":"default","ast-page-background-enabled":"default","ast-page-background-meta":{"desktop":{"background-color":"var(--ast-global-color-5)","background-image":"","background-repeat":"repeat","background-position":"center center","background-size":"auto","background-attachment":"scroll","background-type":"","background-media":"","overlay-type":"","overlay-color":"","overlay-opacity":"","overlay-gradient":""},"tablet":{"background-color":"","background-image":"","background-repeat":"repeat","background-position":"center center","background-size":"auto","background-attachment":"scroll","background-type":"","background-media":"","overlay-type":"","overlay-color":"","overlay-opacity":"","overlay-gradient":""},"mobile":{"background-color":"","background-image":"","background-repeat":"repeat","background-position":"center center","background-size":"auto","background-attachment":"scroll","background-type":"","background-media":"","overlay-type":"","overlay-color":"","overlay-opacity":"","overlay-gradient":""}},"ast-content-background-meta":{"desktop":{"background-color":"var(--ast-global-color-4)","background-image":"","background-repeat":"repeat","background-position":"center center","background-size":"auto","background-attachment":"scroll","background-type":"","background-media":"","overlay-type":"","overlay-color":"","overlay-opacity":"","overlay-gradient":""},"tablet":{"background-color":"var(--ast-global-color-4)","background-image":"","background-repeat":"repeat","background-position":"center center","background-size":"auto","background-attachment":"scroll","background-type":"","background-media":"","overlay-type":"","overlay-color":"","overlay-opacity":"","overlay-gradient":""},"mobile":{"background-color":"var(--ast-global-color-4)","background-image":"","background-repeat":"repeat","background-position":"center center","background-size":"auto","background-attachment":"scroll","background-type":"","background-media":"","overlay-type":"","overlay-color":"","overlay-opacity":"","overlay-gradient":""}}},"product_brand":[],"product_cat":[129,137],"product_tag":[],"class_list":{"0":"post-17509","1":"product","2":"type-product","3":"status-publish","4":"has-post-thumbnail","6":"product_cat-outdoor","7":"product_cat-outdoor-esstische-beistelltische","8":"product_shipping_class-kostenloser_versand_oesterreich","9":"desktop-align-left","10":"tablet-align-left","11":"mobile-align-left","13":"first","14":"instock","15":"taxable","16":"shipping-taxable","17":"purchasable","18":"product-type-simple"},"_links":{"self":[{"href":"https:\/\/by-gloria.com\/shop\/wp-json\/wp\/v2\/product\/17509","targetHints":{"allow":["GET"]}}],"collection":[{"href":"https:\/\/by-gloria.com\/shop\/wp-json\/wp\/v2\/product"}],"about":[{"href":"https:\/\/by-gloria.com\/shop\/wp-json\/wp\/v2\/types\/product"}],"wp:featuredmedia":[{"embeddable":true,"href":"https:\/\/by-gloria.com\/shop\/wp-json\/wp\/v2\/media\/17508"}],"wp:attachment":[{"href":"https:\/\/by-gloria.com\/shop\/wp-json\/wp\/v2\/media?parent=17509"}],"wp:term":[{"taxonomy":"product_brand","embeddable":true,"href":"https:\/\/by-gloria.com\/shop\/wp-json\/wp\/v2\/product_brand?post=17509"},{"taxonomy":"product_cat","embeddable":true,"href":"https:\/\/by-gloria.com\/shop\/wp-json\/wp\/v2\/product_cat?post=17509"},{"taxonomy":"product_tag","embeddable":true,"href":"https:\/\/by-gloria.com\/shop\/wp-json\/wp\/v2\/product_tag?post=17509"}],"curies":[{"name":"wp","href":"https:\/\/api.w.org\/{rel}","templated":true}]}}