{"id":17346,"date":"2025-06-19T01:05:14","date_gmt":"2025-06-18T23:05:14","guid":{"rendered":"https:\/\/by-gloria.com\/shop\/produkt\/nardi-sipario-2-modulare-trennwand-terra-h141cm\/"},"modified":"2026-02-27T10:04:09","modified_gmt":"2026-02-27T09:04:09","slug":"nardi-sipario-2-modulare-trennwand-terra-h141cm","status":"publish","type":"product","link":"https:\/\/by-gloria.com\/shop\/produkt\/nardi-sipario-2-modulare-trennwand-terra-h141cm\/","title":{"rendered":"Nardi Sipario 2, Modulare Trennwand terra H141cm"},"content":{"rendered":"<p>Sipario ist ein modulares System von Trennw\u00e4nden f\u00fcr den Au\u00dfenbereich aus regeneriertem Kunststoff mit selbstgie\u00dfendem Blumenk\u00fcbel. Die Module zeichnen sich durch eine asymmetrische Auslegung aus und gestatten das Erstellen von Konfigurationen mit linearem, ungeradem oder Zick-Zack-Verlauf.<br \/>\nBeliebig zusammenstellbare, freistehende, modulare Trennwand f\u00fcr den Au\u00dfenbereich, ideal zum Unterteilen von R\u00e4umen im Freien. Besteht aus 2 Gitterelementen, die ohne Einsatz von Schrauben m\u00fchelos ineinander eingehakt werden k\u00f6nnen und einem Beh\u00e4lter (Topf) f\u00fcr Pflanzen mit automatischer Bew\u00e4sserung ausgestattet.<\/p>\n<p>Die Module k\u00f6nnen vertikal mit maximal 3 Modulen \u00fcbereinander gestapelt werden. Um die Stabilit\u00e4t des Produkts zu garantieren, muss der Blumentopf mit einem Ballast von mindestens 30 kg gef\u00fcllt werden.<\/p>\n<p>Material: regeneriertem UV-best\u00e4ndigem fiberglass-Polypropylen, voll durchgef\u00e4rbt. Regeneriertem fiberglass-Polypropylen kann aufgrund der Verwendung von recyceltem Material kleinen Farbabweichungen unterliegen. Matt-Effekt. Recyclebarer Kunststoff.<\/p>\n","protected":false},"excerpt":{"rendered":"<p>Speditionszustellung auf Anfrage. <a href=\"mailto:office@by-gloria.com?subject=Speditionsanfrage zu Artikel [product_sku]&amp;body=o%20Zustellung%20nach%3A%20%0Ao%20PLZ%3A%20%0Ao%20Stadt%3A%20%0Ao%20Land%3A%20%0Ao%20Zustellung%20bis%20Bordsteinkannte%20%0Ao%20Zustellung%202-Mann%20Lieferung%20%28nur%20%C3%96sterreich%20m%C3%B6glich%29\">Hier klicken und Anfrage senden<\/a>.<br \/>\nOder Selbstabholung in Leibnitz.<\/p>\n","protected":false},"featured_media":17345,"template":"","meta":{"site-sidebar-layout":"default","site-content-layout":"","ast-site-content-layout":"default","site-content-style":"default","site-sidebar-style":"default","ast-global-header-display":"","ast-banner-title-visibility":"","ast-main-header-display":"","ast-hfb-above-header-display":"","ast-hfb-below-header-display":"","ast-hfb-mobile-header-display":"","site-post-title":"","ast-breadcrumbs-content":"","ast-featured-img":"","footer-sml-layout":"","ast-disable-related-posts":"","theme-transparent-header-meta":"","adv-header-id-meta":"","stick-header-meta":"","header-above-stick-meta":"","header-main-stick-meta":"","header-below-stick-meta":"","astra-migrate-meta-layouts":"default","ast-page-background-enabled":"default","ast-page-background-meta":{"desktop":{"background-color":"var(--ast-global-color-5)","background-image":"","background-repeat":"repeat","background-position":"center center","background-size":"auto","background-attachment":"scroll","background-type":"","background-media":"","overlay-type":"","overlay-color":"","overlay-opacity":"","overlay-gradient":""},"tablet":{"background-color":"","background-image":"","background-repeat":"repeat","background-position":"center center","background-size":"auto","background-attachment":"scroll","background-type":"","background-media":"","overlay-type":"","overlay-color":"","overlay-opacity":"","overlay-gradient":""},"mobile":{"background-color":"","background-image":"","background-repeat":"repeat","background-position":"center center","background-size":"auto","background-attachment":"scroll","background-type":"","background-media":"","overlay-type":"","overlay-color":"","overlay-opacity":"","overlay-gradient":""}},"ast-content-background-meta":{"desktop":{"background-color":"var(--ast-global-color-4)","background-image":"","background-repeat":"repeat","background-position":"center center","background-size":"auto","background-attachment":"scroll","background-type":"","background-media":"","overlay-type":"","overlay-color":"","overlay-opacity":"","overlay-gradient":""},"tablet":{"background-color":"var(--ast-global-color-4)","background-image":"","background-repeat":"repeat","background-position":"center center","background-size":"auto","background-attachment":"scroll","background-type":"","background-media":"","overlay-type":"","overlay-color":"","overlay-opacity":"","overlay-gradient":""},"mobile":{"background-color":"var(--ast-global-color-4)","background-image":"","background-repeat":"repeat","background-position":"center center","background-size":"auto","background-attachment":"scroll","background-type":"","background-media":"","overlay-type":"","overlay-color":"","overlay-opacity":"","overlay-gradient":""}}},"product_brand":[],"product_cat":[129,134],"product_tag":[],"class_list":{"0":"post-17346","1":"product","2":"type-product","3":"status-publish","4":"has-post-thumbnail","6":"product_cat-outdoor","7":"product_cat-outdoor-outdoor-sonstige","8":"product_shipping_class-selbstabholung","9":"desktop-align-left","10":"tablet-align-left","11":"mobile-align-left","13":"first","14":"instock","15":"taxable","16":"shipping-taxable","17":"purchasable","18":"product-type-simple"},"_links":{"self":[{"href":"https:\/\/by-gloria.com\/shop\/wp-json\/wp\/v2\/product\/17346","targetHints":{"allow":["GET"]}}],"collection":[{"href":"https:\/\/by-gloria.com\/shop\/wp-json\/wp\/v2\/product"}],"about":[{"href":"https:\/\/by-gloria.com\/shop\/wp-json\/wp\/v2\/types\/product"}],"wp:featuredmedia":[{"embeddable":true,"href":"https:\/\/by-gloria.com\/shop\/wp-json\/wp\/v2\/media\/17345"}],"wp:attachment":[{"href":"https:\/\/by-gloria.com\/shop\/wp-json\/wp\/v2\/media?parent=17346"}],"wp:term":[{"taxonomy":"product_brand","embeddable":true,"href":"https:\/\/by-gloria.com\/shop\/wp-json\/wp\/v2\/product_brand?post=17346"},{"taxonomy":"product_cat","embeddable":true,"href":"https:\/\/by-gloria.com\/shop\/wp-json\/wp\/v2\/product_cat?post=17346"},{"taxonomy":"product_tag","embeddable":true,"href":"https:\/\/by-gloria.com\/shop\/wp-json\/wp\/v2\/product_tag?post=17346"}],"curies":[{"name":"wp","href":"https:\/\/api.w.org\/{rel}","templated":true}]}}