{"id":14452,"date":"2025-06-19T00:29:30","date_gmt":"2025-06-18T22:29:30","guid":{"rendered":"https:\/\/by-gloria.com\/shop\/produkt\/salatbesteck-efi-2-tlg\/"},"modified":"2025-06-19T00:41:31","modified_gmt":"2025-06-18T22:41:31","slug":"salatbesteck-efi-2-tlg","status":"publish","type":"product","link":"https:\/\/by-gloria.com\/shop\/produkt\/salatbesteck-efi-2-tlg\/","title":{"rendered":"Salatbesteck Efi, 2 tlg"},"content":{"rendered":"<p>Das 2tlg Salatbesteck Efi aus dem Hause Bloomingville besteht aus Akazienholz und f\u00e4llt sofort ins Auge. Stilvoll runden die Salatl\u00f6ffel den liebevoll zubereiteten Salat durch ihr edles schwarz ab. Aufgrund des Materials d\u00fcrfen diese nicht Wasser mit \u00fcber 70\u00b0 C ausgesetzt werden und auch nicht in die Sp\u00fclmaschine, Backofen oder Mikrowelle. Die Servierl\u00f6ffel sollte daher von Hand gesp\u00fclt werden.Sie haben eine L\u00e4nge von 25,5 cm, eine Breite von 6,5 cm und eine H\u00f6he von 1,5 cm. Mit diesen Servierl\u00f6ffeln dekorieren Sie Ihren Salat auf eine ganz besondere Art.<\/p>\n","protected":false},"excerpt":{"rendered":"<p>Lieferzeit: Paketdienst- ca. 3-5 Werktage<\/p>\n","protected":false},"featured_media":14451,"template":"","meta":{"site-sidebar-layout":"default","site-content-layout":"","ast-site-content-layout":"default","site-content-style":"default","site-sidebar-style":"default","ast-global-header-display":"","ast-banner-title-visibility":"","ast-main-header-display":"","ast-hfb-above-header-display":"","ast-hfb-below-header-display":"","ast-hfb-mobile-header-display":"","site-post-title":"","ast-breadcrumbs-content":"","ast-featured-img":"","footer-sml-layout":"","ast-disable-related-posts":"","theme-transparent-header-meta":"","adv-header-id-meta":"","stick-header-meta":"","header-above-stick-meta":"","header-main-stick-meta":"","header-below-stick-meta":"","astra-migrate-meta-layouts":"default","ast-page-background-enabled":"default","ast-page-background-meta":{"desktop":{"background-color":"var(--ast-global-color-5)","background-image":"","background-repeat":"repeat","background-position":"center center","background-size":"auto","background-attachment":"scroll","background-type":"","background-media":"","overlay-type":"","overlay-color":"","overlay-opacity":"","overlay-gradient":""},"tablet":{"background-color":"","background-image":"","background-repeat":"repeat","background-position":"center center","background-size":"auto","background-attachment":"scroll","background-type":"","background-media":"","overlay-type":"","overlay-color":"","overlay-opacity":"","overlay-gradient":""},"mobile":{"background-color":"","background-image":"","background-repeat":"repeat","background-position":"center center","background-size":"auto","background-attachment":"scroll","background-type":"","background-media":"","overlay-type":"","overlay-color":"","overlay-opacity":"","overlay-gradient":""}},"ast-content-background-meta":{"desktop":{"background-color":"var(--ast-global-color-4)","background-image":"","background-repeat":"repeat","background-position":"center center","background-size":"auto","background-attachment":"scroll","background-type":"","background-media":"","overlay-type":"","overlay-color":"","overlay-opacity":"","overlay-gradient":""},"tablet":{"background-color":"var(--ast-global-color-4)","background-image":"","background-repeat":"repeat","background-position":"center center","background-size":"auto","background-attachment":"scroll","background-type":"","background-media":"","overlay-type":"","overlay-color":"","overlay-opacity":"","overlay-gradient":""},"mobile":{"background-color":"var(--ast-global-color-4)","background-image":"","background-repeat":"repeat","background-position":"center center","background-size":"auto","background-attachment":"scroll","background-type":"","background-media":"","overlay-type":"","overlay-color":"","overlay-opacity":"","overlay-gradient":""}}},"product_brand":[],"product_cat":[95,96],"product_tag":[],"class_list":{"0":"post-14452","1":"product","2":"type-product","3":"status-publish","4":"has-post-thumbnail","6":"product_cat-kueche","7":"product_cat-besteck","8":"product_shipping_class-paketdienst","9":"desktop-align-left","10":"tablet-align-left","11":"mobile-align-left","13":"first","14":"instock","15":"sale","16":"taxable","17":"shipping-taxable","18":"purchasable","19":"product-type-simple"},"_links":{"self":[{"href":"https:\/\/by-gloria.com\/shop\/wp-json\/wp\/v2\/product\/14452","targetHints":{"allow":["GET"]}}],"collection":[{"href":"https:\/\/by-gloria.com\/shop\/wp-json\/wp\/v2\/product"}],"about":[{"href":"https:\/\/by-gloria.com\/shop\/wp-json\/wp\/v2\/types\/product"}],"wp:featuredmedia":[{"embeddable":true,"href":"https:\/\/by-gloria.com\/shop\/wp-json\/wp\/v2\/media\/14451"}],"wp:attachment":[{"href":"https:\/\/by-gloria.com\/shop\/wp-json\/wp\/v2\/media?parent=14452"}],"wp:term":[{"taxonomy":"product_brand","embeddable":true,"href":"https:\/\/by-gloria.com\/shop\/wp-json\/wp\/v2\/product_brand?post=14452"},{"taxonomy":"product_cat","embeddable":true,"href":"https:\/\/by-gloria.com\/shop\/wp-json\/wp\/v2\/product_cat?post=14452"},{"taxonomy":"product_tag","embeddable":true,"href":"https:\/\/by-gloria.com\/shop\/wp-json\/wp\/v2\/product_tag?post=14452"}],"curies":[{"name":"wp","href":"https:\/\/api.w.org\/{rel}","templated":true}]}}