{"id":12944,"date":"2025-06-19T00:10:07","date_gmt":"2025-06-18T22:10:07","guid":{"rendered":"https:\/\/by-gloria.com\/shop\/produkt\/salatbesteck-serra\/"},"modified":"2025-06-19T00:18:16","modified_gmt":"2025-06-18T22:18:16","slug":"salatbesteck-serra","status":"publish","type":"product","link":"https:\/\/by-gloria.com\/shop\/produkt\/salatbesteck-serra\/","title":{"rendered":"Salatbesteck Serra"},"content":{"rendered":"<p>Eine k\u00f6stliche, sch\u00f6n angerichtete Mahlzeit, die man im Kreise seiner Lieben oder Freunde zu sich nimmt, geh\u00f6rt zweifellos zu den gr\u00f6\u00dften Freuden, die man sich g\u00f6nnen kann. F\u00fcr diese au\u00dfergew\u00f6hnlichen, aber auch f\u00fcr die allt\u00e4glichsten Anl\u00e4sse ist das Salatbesteck Serra von Bloomingville wie geschaffen. Es pr\u00e4sentiert sich sehr elegant und wird, da es aus edlen Rohstoffen gefertigt ist, lange Zeit mit seinem schicken Aussehen beeindrucken. Dezente Form und auff\u00e4llige Farbe. Bequem in der Handhabung durch die schlanken Griffen. Sie sind aus Messing gefertigt. Breite:7 cm L\u00e4nge:30 cm<\/p>\n","protected":false},"excerpt":{"rendered":"<p>Lieferzeit: Paketdienst- ca. 3-5 Werktage<\/p>\n","protected":false},"featured_media":12943,"template":"","meta":{"site-sidebar-layout":"default","site-content-layout":"","ast-site-content-layout":"default","site-content-style":"default","site-sidebar-style":"default","ast-global-header-display":"","ast-banner-title-visibility":"","ast-main-header-display":"","ast-hfb-above-header-display":"","ast-hfb-below-header-display":"","ast-hfb-mobile-header-display":"","site-post-title":"","ast-breadcrumbs-content":"","ast-featured-img":"","footer-sml-layout":"","ast-disable-related-posts":"","theme-transparent-header-meta":"","adv-header-id-meta":"","stick-header-meta":"","header-above-stick-meta":"","header-main-stick-meta":"","header-below-stick-meta":"","astra-migrate-meta-layouts":"default","ast-page-background-enabled":"default","ast-page-background-meta":{"desktop":{"background-color":"var(--ast-global-color-5)","background-image":"","background-repeat":"repeat","background-position":"center center","background-size":"auto","background-attachment":"scroll","background-type":"","background-media":"","overlay-type":"","overlay-color":"","overlay-opacity":"","overlay-gradient":""},"tablet":{"background-color":"","background-image":"","background-repeat":"repeat","background-position":"center center","background-size":"auto","background-attachment":"scroll","background-type":"","background-media":"","overlay-type":"","overlay-color":"","overlay-opacity":"","overlay-gradient":""},"mobile":{"background-color":"","background-image":"","background-repeat":"repeat","background-position":"center center","background-size":"auto","background-attachment":"scroll","background-type":"","background-media":"","overlay-type":"","overlay-color":"","overlay-opacity":"","overlay-gradient":""}},"ast-content-background-meta":{"desktop":{"background-color":"var(--ast-global-color-4)","background-image":"","background-repeat":"repeat","background-position":"center center","background-size":"auto","background-attachment":"scroll","background-type":"","background-media":"","overlay-type":"","overlay-color":"","overlay-opacity":"","overlay-gradient":""},"tablet":{"background-color":"var(--ast-global-color-4)","background-image":"","background-repeat":"repeat","background-position":"center center","background-size":"auto","background-attachment":"scroll","background-type":"","background-media":"","overlay-type":"","overlay-color":"","overlay-opacity":"","overlay-gradient":""},"mobile":{"background-color":"var(--ast-global-color-4)","background-image":"","background-repeat":"repeat","background-position":"center center","background-size":"auto","background-attachment":"scroll","background-type":"","background-media":"","overlay-type":"","overlay-color":"","overlay-opacity":"","overlay-gradient":""}}},"product_brand":[],"product_cat":[95,96],"product_tag":[],"class_list":{"0":"post-12944","1":"product","2":"type-product","3":"status-publish","4":"has-post-thumbnail","6":"product_cat-kueche","7":"product_cat-besteck","8":"product_shipping_class-paketdienst","9":"desktop-align-left","10":"tablet-align-left","11":"mobile-align-left","13":"first","14":"instock","15":"sale","16":"taxable","17":"shipping-taxable","18":"purchasable","19":"product-type-simple"},"_links":{"self":[{"href":"https:\/\/by-gloria.com\/shop\/wp-json\/wp\/v2\/product\/12944","targetHints":{"allow":["GET"]}}],"collection":[{"href":"https:\/\/by-gloria.com\/shop\/wp-json\/wp\/v2\/product"}],"about":[{"href":"https:\/\/by-gloria.com\/shop\/wp-json\/wp\/v2\/types\/product"}],"wp:featuredmedia":[{"embeddable":true,"href":"https:\/\/by-gloria.com\/shop\/wp-json\/wp\/v2\/media\/12943"}],"wp:attachment":[{"href":"https:\/\/by-gloria.com\/shop\/wp-json\/wp\/v2\/media?parent=12944"}],"wp:term":[{"taxonomy":"product_brand","embeddable":true,"href":"https:\/\/by-gloria.com\/shop\/wp-json\/wp\/v2\/product_brand?post=12944"},{"taxonomy":"product_cat","embeddable":true,"href":"https:\/\/by-gloria.com\/shop\/wp-json\/wp\/v2\/product_cat?post=12944"},{"taxonomy":"product_tag","embeddable":true,"href":"https:\/\/by-gloria.com\/shop\/wp-json\/wp\/v2\/product_tag?post=12944"}],"curies":[{"name":"wp","href":"https:\/\/api.w.org\/{rel}","templated":true}]}}