{"id":105114,"date":"2025-11-03T13:42:54","date_gmt":"2025-11-03T12:42:54","guid":{"rendered":"https:\/\/by-gloria.com\/shop\/produkt\/polsterstuehle-teddy-hellbeige\/"},"modified":"2025-11-03T13:43:42","modified_gmt":"2025-11-03T12:43:42","slug":"polsterstuehle-teddy-hellbeige","status":"publish","type":"product","link":"https:\/\/by-gloria.com\/shop\/produkt\/polsterstuehle-teddy-hellbeige\/","title":{"rendered":"Polsterst\u00fchle TEDDY Hellbeige"},"content":{"rendered":"<p>Material: 100 % Polyester, Eichenholz<br \/>\nFarbe: Hellbeige, Dunkles Holz<br \/>\nAbmessungen: B 49 cm x T 59 cm<\/p>\n<p>Leichte Verschmutzungen lassen sich gut mit einem feuchten Tuch entfernen.<br \/>\nBei hartn\u00e4ckigen Flecken k\u00f6nnen handels\u00fcbliche Textilreinigungsmittel verwendet werden.<\/p>\n","protected":false},"excerpt":{"rendered":"<p>Speditionszustellung auf Anfrage. <a href=\"mailto:office@by-gloria.com?subject=Speditionsanfrage zu Artikel [product_sku]&amp;body=o%20Zustellung%20nach%3A%20%0Ao%20PLZ%3A%20%0Ao%20Stadt%3A%20%0Ao%20Land%3A%20%0Ao%20Zustellung%20bis%20Bordsteinkannte%20%0Ao%20Zustellung%202-Mann%20Lieferung%20%28nur%20%C3%96sterreich%20m%C3%B6glich%29\">Hier klicken und Anfrage senden<\/a>.<br \/>\nOder Selbstabholung in Leibnitz.<\/p>\n","protected":false},"featured_media":105113,"template":"","meta":{"site-sidebar-layout":"default","site-content-layout":"","ast-site-content-layout":"default","site-content-style":"default","site-sidebar-style":"default","ast-global-header-display":"","ast-banner-title-visibility":"","ast-main-header-display":"","ast-hfb-above-header-display":"","ast-hfb-below-header-display":"","ast-hfb-mobile-header-display":"","site-post-title":"","ast-breadcrumbs-content":"","ast-featured-img":"","footer-sml-layout":"","ast-disable-related-posts":"","theme-transparent-header-meta":"","adv-header-id-meta":"","stick-header-meta":"","header-above-stick-meta":"","header-main-stick-meta":"","header-below-stick-meta":"","astra-migrate-meta-layouts":"default","ast-page-background-enabled":"default","ast-page-background-meta":{"desktop":{"background-color":"var(--ast-global-color-5)","background-image":"","background-repeat":"repeat","background-position":"center center","background-size":"auto","background-attachment":"scroll","background-type":"","background-media":"","overlay-type":"","overlay-color":"","overlay-opacity":"","overlay-gradient":""},"tablet":{"background-color":"","background-image":"","background-repeat":"repeat","background-position":"center center","background-size":"auto","background-attachment":"scroll","background-type":"","background-media":"","overlay-type":"","overlay-color":"","overlay-opacity":"","overlay-gradient":""},"mobile":{"background-color":"","background-image":"","background-repeat":"repeat","background-position":"center center","background-size":"auto","background-attachment":"scroll","background-type":"","background-media":"","overlay-type":"","overlay-color":"","overlay-opacity":"","overlay-gradient":""}},"ast-content-background-meta":{"desktop":{"background-color":"var(--ast-global-color-4)","background-image":"","background-repeat":"repeat","background-position":"center center","background-size":"auto","background-attachment":"scroll","background-type":"","background-media":"","overlay-type":"","overlay-color":"","overlay-opacity":"","overlay-gradient":""},"tablet":{"background-color":"var(--ast-global-color-4)","background-image":"","background-repeat":"repeat","background-position":"center center","background-size":"auto","background-attachment":"scroll","background-type":"","background-media":"","overlay-type":"","overlay-color":"","overlay-opacity":"","overlay-gradient":""},"mobile":{"background-color":"var(--ast-global-color-4)","background-image":"","background-repeat":"repeat","background-position":"center center","background-size":"auto","background-attachment":"scroll","background-type":"","background-media":"","overlay-type":"","overlay-color":"","overlay-opacity":"","overlay-gradient":""}}},"product_brand":[],"product_cat":[151,154],"product_tag":[],"class_list":{"0":"post-105114","1":"product","2":"type-product","3":"status-publish","4":"has-post-thumbnail","6":"product_cat-stuehle-sessel","7":"product_cat-esszimmerstuehle","8":"product_shipping_class-selbstabholung","9":"desktop-align-left","10":"tablet-align-left","11":"mobile-align-left","13":"first","14":"instock","15":"sale","16":"taxable","17":"shipping-taxable","18":"purchasable","19":"product-type-simple"},"_links":{"self":[{"href":"https:\/\/by-gloria.com\/shop\/wp-json\/wp\/v2\/product\/105114","targetHints":{"allow":["GET"]}}],"collection":[{"href":"https:\/\/by-gloria.com\/shop\/wp-json\/wp\/v2\/product"}],"about":[{"href":"https:\/\/by-gloria.com\/shop\/wp-json\/wp\/v2\/types\/product"}],"wp:featuredmedia":[{"embeddable":true,"href":"https:\/\/by-gloria.com\/shop\/wp-json\/wp\/v2\/media\/105113"}],"wp:attachment":[{"href":"https:\/\/by-gloria.com\/shop\/wp-json\/wp\/v2\/media?parent=105114"}],"wp:term":[{"taxonomy":"product_brand","embeddable":true,"href":"https:\/\/by-gloria.com\/shop\/wp-json\/wp\/v2\/product_brand?post=105114"},{"taxonomy":"product_cat","embeddable":true,"href":"https:\/\/by-gloria.com\/shop\/wp-json\/wp\/v2\/product_cat?post=105114"},{"taxonomy":"product_tag","embeddable":true,"href":"https:\/\/by-gloria.com\/shop\/wp-json\/wp\/v2\/product_tag?post=105114"}],"curies":[{"name":"wp","href":"https:\/\/api.w.org\/{rel}","templated":true}]}}